{"id":49,"date":"2022-05-18T19:04:00","date_gmt":"2022-05-18T19:04:00","guid":{"rendered":"https:\/\/delirio.com.co\/?page_id=49"},"modified":"2024-05-08T15:48:35","modified_gmt":"2024-05-08T15:48:35","slug":"fundacion-paso-firme","status":"publish","type":"page","link":"https:\/\/delirio.com.co\/en\/fundacion-paso-firme\/","title":{"rendered":"Fundaci\u00f3n Paso Firme"},"content":{"rendered":"<h2>\n\t\t\u00a1EL ARTE TIENE EL PODER DE TRANSFORMARLO TODO!\n\t<\/h2>\n<h2>\n\t\ten un espacio \u00fanico,<br \/> seguro y divertido\n\t<\/h2>\n\t\t\t\t\t\t\t\t\t<img loading=\"lazy\" decoding=\"async\" src=\"https:\/\/delirio.com.co\/wp-content\/uploads\/2022\/06\/logopasofirme.png\" alt=\"logopasofirme\" itemprop=\"image\" height=\"395\" width=\"441\" srcset=\"https:\/\/delirio.com.co\/wp-content\/uploads\/2022\/06\/logopasofirme.png 441w, https:\/\/delirio.com.co\/wp-content\/uploads\/2022\/06\/logopasofirme-300x269.png 300w\" sizes=\"auto, (max-width: 441px) 100vw, 441px\" title=\"logopasofirme\" onerror=\"this.style.display='none'\"  \/>\n\t\t\t\t\t\t\t\t\t<img loading=\"lazy\" decoding=\"async\" src=\"https:\/\/delirio.com.co\/wp-content\/uploads\/2022\/06\/fundacion.png\" alt=\"fundacion\" itemprop=\"image\" height=\"218\" width=\"445\" srcset=\"https:\/\/delirio.com.co\/wp-content\/uploads\/2022\/06\/fundacion.png 445w, https:\/\/delirio.com.co\/wp-content\/uploads\/2022\/06\/fundacion-300x147.png 300w\" sizes=\"auto, (max-width: 445px) 100vw, 445px\" title=\"fundacion\" onerror=\"this.style.display='none'\"  \/>\n\t<p>Fundaci\u00f3n Delirio nace en el 2006 como un sue\u00f1o de ciudad con el firme prop\u00f3sito de tapizar pistas de oportunidades para que artistas y colectivos, encuentren en su arte un oficio y el reconocimiento profesional.<\/p>\n<p>Para cumplir con este prop\u00f3sito, nace el programa Paso Firme, el cual propende por generar una comunidad que vea en la cultura y la creatividad, pilares fundamentales para la transformaci\u00f3n social.<\/p>\n\t<p>Estos son nuestros<\/p>\n<h2>\n\t\tCuatro pilares\n\t<\/h2>\n\t\t\t\t\t\t\t\t<a href=\"https:\/\/delirio.com.co\/en\/investigacion-sector-cultural\/\" target=\"_self\" itemprop=\"url\" rel=\"noopener\">\n\t\t\t\t\t\t\t\t\t<img loading=\"lazy\" decoding=\"async\" src=\"https:\/\/delirio.com.co\/wp-content\/uploads\/2022\/06\/p1.png\" alt=\"p1\" itemprop=\"image\" height=\"252\" width=\"421\" srcset=\"https:\/\/delirio.com.co\/wp-content\/uploads\/2022\/06\/p1.png 421w, https:\/\/delirio.com.co\/wp-content\/uploads\/2022\/06\/p1-300x180.png 300w\" sizes=\"auto, (max-width: 421px) 100vw, 421px\" title=\"p1\" onerror=\"this.style.display='none'\"  \/>\n\t\t\t\t\t\t\t\t\t\t\t\t\t<\/a>\n<h2>\n\t\t<a href=\"https:\/\/delirio.com.co\/en\/investigacion-sector-cultural\/\" title=\"INVESTIGACI&Oacute;N&lt;br&gt;SECTOR CULTURAL\" target=\"_self\" rel=\"noopener\">\n\t\tINVESTIGACI\u00d3N<br \/>SECTOR CULTURAL\n\t\t<\/a>\n\t<\/h2>\n\t<p>Como aporte a la estructuraci\u00f3n de pol\u00edticas p\u00fablicas y proyectos de desarrollo del sector\u00a0de las Artes Esc\u00e9nicas.<\/p>\n<h2>\n\t\t<a href=\"https:\/\/delirio.com.co\/en\/investigacion-sector-cultural\/\" title=\"Ver m\u00e1s\" target=\"_self\" rel=\"noopener\">\n\t\tVer m\u00e1s\n\t\t<\/a>\n\t<\/h2>\n\t\t\t\t\t\t\t\t<a href=\"https:\/\/delirio.com.co\/en\/creacion-de-espacios-de-promocion-y-circulacion\/\" target=\"_self\" itemprop=\"url\" rel=\"noopener\">\n\t\t\t\t\t\t\t\t\t<img loading=\"lazy\" decoding=\"async\" src=\"https:\/\/delirio.com.co\/wp-content\/uploads\/2022\/06\/p2.png\" alt=\"p2\" itemprop=\"image\" height=\"252\" width=\"421\" srcset=\"https:\/\/delirio.com.co\/wp-content\/uploads\/2022\/06\/p2.png 421w, https:\/\/delirio.com.co\/wp-content\/uploads\/2022\/06\/p2-300x180.png 300w\" sizes=\"auto, (max-width: 421px) 100vw, 421px\" title=\"p2\" onerror=\"this.style.display='none'\"  \/>\n\t\t\t\t\t\t\t\t\t\t\t\t\t<\/a>\n<h2>\n\t\t<a href=\"https:\/\/delirio.com.co\/en\/creacion-de-espacios-de-promocion-y-circulacion\/\" title=\"CREACI\u00d3N DE ESPACIOS DE PROMOCI\u00d3N Y CIRCULACI\u00d3N\" target=\"_self\" rel=\"noopener\">\n\t\tCREACI\u00d3N DE ESPACIOS DE PROMOCI\u00d3N Y CIRCULACI\u00d3N\n\t\t<\/a>\n\t<\/h2>\n\tQue faciliten el encuentro entre la oferta y la demanda de las artes esc\u00e9nica contribuyendo a la formaci\u00f3n de p\u00fablicos.\n<h2>\n\t\t<a href=\"https:\/\/delirio.com.co\/en\/creacion-de-espacios-de-promocion-y-circulacion\/\" title=\"Ver m\u00e1s\" target=\"_self\" rel=\"noopener\">\n\t\tVer m\u00e1s\n\t\t<\/a>\n\t<\/h2>\n\t\t\t\t\t\t\t\t<a href=\"https:\/\/delirio.com.co\/en\/salvaguardia-del-patrimonio-cultural\/\" target=\"_self\" itemprop=\"url\" rel=\"noopener\">\n\t\t\t\t\t\t\t\t\t<img loading=\"lazy\" decoding=\"async\" src=\"https:\/\/delirio.com.co\/wp-content\/uploads\/2022\/06\/p3.png\" alt=\"p3\" itemprop=\"image\" height=\"252\" width=\"421\" srcset=\"https:\/\/delirio.com.co\/wp-content\/uploads\/2022\/06\/p3.png 421w, https:\/\/delirio.com.co\/wp-content\/uploads\/2022\/06\/p3-300x180.png 300w\" sizes=\"auto, (max-width: 421px) 100vw, 421px\" title=\"p3\" onerror=\"this.style.display='none'\"  \/>\n\t\t\t\t\t\t\t\t\t\t\t\t\t<\/a>\n<h2>\n\t\t<a href=\"https:\/\/delirio.com.co\/en\/salvaguardia-del-patrimonio-cultural\/\" title=\"SALVAGUARDIA  DEL &lt;br&gt;PATRIMONIO CULTURAL\" target=\"_self\" rel=\"noopener\">\n\t\tSALVAGUARDIA  DEL <br \/>PATRIMONIO CULTURAL\n\t\t<\/a>\n\t<\/h2>\n\tApoyo a la sostenibilidad de las escuelas art\u00edsticas a trav\u00e9s de becas, est\u00edmulos y el desarrollo del talento. Igual en la descripci\u00f3n interna.\n<h2>\n\t\t<a href=\"https:\/\/delirio.com.co\/en\/salvaguardia-del-patrimonio-cultural\/\" title=\"Ver m\u00e1s\" target=\"_self\" rel=\"noopener\">\n\t\tVer m\u00e1s\n\t\t<\/a>\n\t<\/h2>\n\t\t\t\t\t\t\t\t<a href=\"https:\/\/delirio.com.co\/en\/intervencion-en-comunidades-a-traves-del-arte\/\" target=\"_self\" itemprop=\"url\" rel=\"noopener\">\n\t\t\t\t\t\t\t\t\t<img loading=\"lazy\" decoding=\"async\" src=\"https:\/\/delirio.com.co\/wp-content\/uploads\/2022\/06\/p4.png\" alt=\"p4\" itemprop=\"image\" height=\"252\" width=\"421\" srcset=\"https:\/\/delirio.com.co\/wp-content\/uploads\/2022\/06\/p4.png 421w, https:\/\/delirio.com.co\/wp-content\/uploads\/2022\/06\/p4-300x180.png 300w\" sizes=\"auto, (max-width: 421px) 100vw, 421px\" title=\"p4\" onerror=\"this.style.display='none'\"  \/>\n\t\t\t\t\t\t\t\t\t\t\t\t\t<\/a>\n<h2>\n\t\t<a href=\"https:\/\/delirio.com.co\/en\/intervencion-en-comunidades-a-traves-del-arte\/\" title=\"INTERVENCI&Oacute;N EN COMUNIDADES&lt;br&gt; A TRAV&Eacute;S DEL ARTE\" target=\"_self\" rel=\"noopener\">\n\t\tINTERVENCI\u00d3N EN COMUNIDADES<br \/> A TRAV\u00c9S DEL ARTE\n\t\t<\/a>\n\t<\/h2>\n\t<p>Desarrollando\u00a0 programas y proyectos que contribuyan a la generaci\u00f3n de valor social y apropiaci\u00f3n cultural.<\/p>\n<h2>\n\t\t<a href=\"https:\/\/delirio.com.co\/en\/intervencion-en-comunidades-a-traves-del-arte\/\" title=\"Ver m\u00e1s\" target=\"_self\" rel=\"noopener\">\n\t\tVer m\u00e1s\n\t\t<\/a>\n\t<\/h2>\n\t\t\t\t\t\t<p><strong>2 investigaciones<\/strong><br \/>sobre la salsa en Cali.<\/p>\t\t\t\t\t\n\t\t\t\t\t\t<p><img decoding=\"async\" src=\"https:\/\/delirio.com.co\/wp-content\/uploads\/2022\/06\/salva1.jpg\" \/><\/p>\t\t\t\t\t\n\t\t\t\t\t\t<p><strong>11 investigaciones<\/strong> <br \/>sobre el sector de las artes esc\u00e9nicas <br \/>en el Valle del Cauca.<\/p>\t\t\t\t\t\n\t\t\t\t\t\t<p><img decoding=\"async\" src=\"https:\/\/delirio.com.co\/wp-content\/uploads\/2022\/06\/carpa5.jpg\" \/><\/p>\t\t\t\t\t\n\t\t\t\t\t\t<p><strong>Un festival<\/strong> departamental infantil de salsa.<\/p>\t\t\t\t\t\n\t\t\t\t\t\t<p><strong>Abriendo Pista<\/strong><br \/>322 ni\u00f1os y j\u00f3venes becados<br \/>en 9 escuelas y 37 <br \/>instructores apoyados.<\/p>\t\t\t\t\t\n\t\t\t\t\t\t<p><img decoding=\"async\" src=\"https:\/\/delirio.com.co\/wp-content\/uploads\/2022\/06\/header-paso-firme.jpg\" \/><\/p>\n\t\t\t\t\t\t<p><strong>1 portal<\/strong> de promoci\u00f3n <br \/>de las artes esc\u00e9nicas\u00a0<br \/>del Valle del Cauca.<\/p>\t\t\t\t\t\n\t\t\t\t\t\t<p><img decoding=\"async\" src=\"https:\/\/delirio.com.co\/wp-content\/uploads\/2022\/06\/Web-Valle-en-vivo.jpg\" \/><\/p>\n\t\t\t\t\t\t<p><strong>2.400 ni\u00f1os y j\u00f3venes<\/strong> <br \/>beneficiados con paso firme.<\/p>\t\t\t\t\t\n\t\t\t\t\t\t<p><img decoding=\"async\" src=\"https:\/\/delirio.com.co\/wp-content\/uploads\/2022\/06\/sonar.jpg\" \/><\/p>\n\t\t\t\t\t\t<p><strong>4 investigaciones<\/strong> <br \/>sobre el sector educativo <br \/>de las artes en Cali.<\/p>\t\t\t\t\t\n\t\t\t\t\t\t<p><img decoding=\"async\" src=\"https:\/\/delirio.com.co\/wp-content\/uploads\/2022\/06\/ninos2.jpg\" \/><\/p>","protected":false},"excerpt":{"rendered":"<p>\u00a1EL ARTE TIENE EL PODER DE TRANSFORMARLO TODO! en un espacio \u00fanico, seguro y divertido Fundaci\u00f3n Delirio nace en el 2006 como un sue\u00f1o de ciudad con el firme prop\u00f3sito de tapizar pistas de oportunidades para que artistas y colectivos, encuentren en su arte un oficio y el reconocimiento profesional. Para cumplir con este prop\u00f3sito,&hellip;<\/p>","protected":false},"author":1,"featured_media":0,"parent":0,"menu_order":0,"comment_status":"closed","ping_status":"closed","template":"","meta":{"content-type":"","footnotes":""},"class_list":["post-49","page","type-page","status-publish","hentry"],"_links":{"self":[{"href":"https:\/\/delirio.com.co\/en\/wp-json\/wp\/v2\/pages\/49","targetHints":{"allow":["GET"]}}],"collection":[{"href":"https:\/\/delirio.com.co\/en\/wp-json\/wp\/v2\/pages"}],"about":[{"href":"https:\/\/delirio.com.co\/en\/wp-json\/wp\/v2\/types\/page"}],"author":[{"embeddable":true,"href":"https:\/\/delirio.com.co\/en\/wp-json\/wp\/v2\/users\/1"}],"replies":[{"embeddable":true,"href":"https:\/\/delirio.com.co\/en\/wp-json\/wp\/v2\/comments?post=49"}],"version-history":[{"count":31,"href":"https:\/\/delirio.com.co\/en\/wp-json\/wp\/v2\/pages\/49\/revisions"}],"predecessor-version":[{"id":704,"href":"https:\/\/delirio.com.co\/en\/wp-json\/wp\/v2\/pages\/49\/revisions\/704"}],"wp:attachment":[{"href":"https:\/\/delirio.com.co\/en\/wp-json\/wp\/v2\/media?parent=49"}],"curies":[{"name":"wp","href":"https:\/\/api.w.org\/{rel}","templated":true}]}}