{"id":431,"date":"2022-07-12T00:21:43","date_gmt":"2022-07-12T00:21:43","guid":{"rendered":"https:\/\/delirio.com.co\/?page_id=431"},"modified":"2025-02-19T16:39:33","modified_gmt":"2025-02-19T16:39:33","slug":"preguntas-frecuentes","status":"publish","type":"page","link":"https:\/\/delirio.com.co\/en\/preguntas-frecuentes\/","title":{"rendered":"FAQ"},"content":{"rendered":"<h2>\n\t\tPREGUNTAS FRECUENTES\n\t<\/h2>\n\t\t\t\t\t\u00bfC\u00f3mo puedo comprar boletas para Delirio?\t\t\t\t\n\t\t\t\t\tPuedes comprar a trav\u00e9s de nuestros canales oficiales dando click en los siguientes links:\n<ul>\n<li><strong>TuBoleta.com (online): <a href=\"https:\/\/tuboleta.com\/es\/eventos\/carpa-delirio-2025\" target=\"_blank\" rel=\"noopener\">Carpa Delirio 2025<\/a><\/strong><\/li>\n<li><strong>Whatsapp: <a href=\"https:\/\/api.whatsapp.com\/send\/?phone=573103726591&amp;text=%C2%A1Hola+Delirio%21+vengo+de+la+p%C3%A1gina+web+y+tengo+una+duda&amp;type=phone_number&amp;app_absent=0\">+57 310 372 6591<\/a><\/strong><\/li>\n<\/ul>\n\t\t\t\t\t\u00bfC\u00f3mo puedo comprar boletas para Paseo de la Aurora?\t\t\t\t\n\t\t\t\t\tPuedes comprar a trav\u00e9s de nuestros canales oficiales dando click en los siguientes links:\n<ul>\n<li><strong>TuBoleta.com (online): <a href=\"https:\/\/tuboleta.com\/es\/eventos\/paseo-de-la-aurora-2025\">Paseo de la Aurora 2025<\/a><\/strong><\/li>\n<li><strong>Shopify (online): <a href=\"https:\/\/paseodelaaurora-delirio.com\/products\/entrada-paseo-de-la-aurora\">Paseo de la Aurora 2025S<\/a><\/strong><\/li>\n<li><strong>Whatsapp: <a href=\"https:\/\/api.whatsapp.com\/send\/?phone=573103726591&amp;text=%C2%A1Hola+Delirio%21+vengo+de+la+p%C3%A1gina+web+y+tengo+una+duda&amp;type=phone_number&amp;app_absent=0\">+57 310 372 6591<\/a><\/strong><\/li>\n<li><strong>Taquilla del parque (unicamente s\u00e1bados y domingos):<\/strong> Cra. 26 # 12 &#8211; 328 detr\u00e1s del Centro de Eventos Valle del Pac\u00edfico, Cali\/Yumbo, Valle del Cauca<\/li>\n<\/ul>\n\t\t\t\t\t\u00bfCu\u00e1l es el calendario de funciones?\t\t\t\t\n\t\t\t\t\t<p>En Carpa Delirio nos presentamos <strong>el \u00faltimo viernes de cada mes<\/strong>. Nuestras funciones del 2025 son:<\/p>\n<p>Febrero 28 | Marzo 28 | Abril 25 | Mayo 30 | Junio 27 | Julio 25 | Agosto 29 | Septiembre 26 | Octubre 31 | Noviembre 28<\/p>\n<p><strong>Edici\u00f3n especial de Feria 2025<\/strong> del 26 al 30 de diciembre<\/p>\n<p>&#8212;-<\/p>\n<p>El parque Paseo de la Aurora est\u00e1 abierto <strong>todos los s\u00e1bados y domingos<\/strong> de 12:00 del medio d\u00eda a 8:00 p.m.<\/p>\n\t\t\t\t\t\u00bfEs necesario que compre las entradas con anticipaci\u00f3n?\t\t\t\t\n\t\t\t\t\tLa acogida de nuestros espect\u00e1culos entre el p\u00fablico nacional e internacional es muy alta, por eso te recomendamos adquirir tus boletas tanto para Carpa Delirio como para Paseo de la Aurora con anticipaci\u00f3n.\n<em>Recuerda que igualmente las boletas de Paseo de la Aurora se pueden comprar el d\u00eda de tu visita en la taquilla del parque.<\/em>\n\t\t\t\t\t\u00bfExiste alg\u00fan l\u00edmite de edad para asistir al espect\u00e1culo?\t\t\t\t\n\t\t\t\t\t<p><strong>Carpa Delirio:<\/strong> Por tratarse de un establecimiento donde se puede consumir licor y por su horario nocturno, Carpa Delirio es un espect\u00e1culo s\u00f3lo para mayores de edad, es decir, de 18 a\u00f1os en adelante.\u00a0<\/p>\n<p><strong>Paseo de la Aurora:<\/strong> Evento para toda la familia. Recuerda que los ni\u00f1os hasta los 12 a\u00f1os entran gratis y puedes venir con tus peluditos (mascotas).<\/p>\n\t\t\t\t\t\u00bfD\u00f3nde est\u00e1 situado el complejo cultural Delirio?\t\t\t\t\n\t\t\t\t\t<p>El Complejo Cultural est\u00e1 ubicado detr\u00e1s del Centro de eventos Valle del Pac\u00edfico, sentido norte-sur, en la autopista Cali-Yumbo, Carrera 26 # 12-138.<\/p>\n\t\t\t\t\t\u00bfTienen convenio con alguna entidad para la compra de boleter\u00eda?\t\t\t\t\n\t\t\t\t\t<strong>Carpa Delirio:<\/strong> Si pagas con tarjetas de Banco de Occidente, obtendr\u00e1s un 10% de descuento.\nPara informamaci\u00f3n sobre alianzas corporativas, escr\u00edbenos a <a href=\"https:\/\/api.whatsapp.com\/send?phone=573103726530\">WhatsApp<\/a>.\n\t\t\t\t\t\u00bfHay Parqueadero?\t\t\t\t\n\t\t\t\t\tSi, la Carpa y Paseo de la Aurora tienen habilitada zona de parqueo para su comodidad.\n<p><em>*Tener en cuenta:<\/em><\/p>\n<ol>\n<li data-list-indent=\"1\" data-list-type=\"bulleted\">\n<p>Parqueadero carros $12.000 cop<\/p>\n<\/li>\n<li data-list-indent=\"1\" data-list-type=\"bulleted\">\n<p>Parqueadero motos $8.000 cop<\/p>\n<\/li>\n<\/ol>\n\t\t\t\t\t\u00bfComo debo ir vestido?\t\t\t\t\n\t\t\t\t\t<strong>Carpa Delirio<\/strong> es una fiesta de magia y fantas\u00eda. V\u00edstase c\u00f3modo&#8230;\u00a1pero para fiesta!\n<p><strong>Paseo de la Auror<\/strong>a es una experiencia al aire libre, recomendamos zapatos y vestimenta c\u00f3moda y tener en cuenta que probablemente habr\u00e1 exposici\u00f3n al sol y puede haber mosquitos.<\/p>\n<p>Para los ni\u00f1os en Paseo de la Aurora te recomendamos traer ropa de cambio, ya que contamos con algunas zonas h\u00famedas.<\/p>","protected":false},"excerpt":{"rendered":"<p>PREGUNTAS FRECUENTES \u00bfC\u00f3mo puedo comprar boletas para Delirio? Puedes comprar a trav\u00e9s de nuestros canales oficiales dando click en los siguientes links: TuBoleta.com (online): Carpa Delirio 2025 Whatsapp: +57 310 372 6591 \u00bfC\u00f3mo puedo comprar boletas para Paseo de la Aurora? Puedes comprar a trav\u00e9s de nuestros canales oficiales dando click en los siguientes links:&hellip;<\/p>","protected":false},"author":1,"featured_media":0,"parent":0,"menu_order":0,"comment_status":"closed","ping_status":"closed","template":"","meta":{"content-type":"","footnotes":""},"class_list":["post-431","page","type-page","status-publish","hentry"],"_links":{"self":[{"href":"https:\/\/delirio.com.co\/en\/wp-json\/wp\/v2\/pages\/431","targetHints":{"allow":["GET"]}}],"collection":[{"href":"https:\/\/delirio.com.co\/en\/wp-json\/wp\/v2\/pages"}],"about":[{"href":"https:\/\/delirio.com.co\/en\/wp-json\/wp\/v2\/types\/page"}],"author":[{"embeddable":true,"href":"https:\/\/delirio.com.co\/en\/wp-json\/wp\/v2\/users\/1"}],"replies":[{"embeddable":true,"href":"https:\/\/delirio.com.co\/en\/wp-json\/wp\/v2\/comments?post=431"}],"version-history":[{"count":15,"href":"https:\/\/delirio.com.co\/en\/wp-json\/wp\/v2\/pages\/431\/revisions"}],"predecessor-version":[{"id":2932,"href":"https:\/\/delirio.com.co\/en\/wp-json\/wp\/v2\/pages\/431\/revisions\/2932"}],"wp:attachment":[{"href":"https:\/\/delirio.com.co\/en\/wp-json\/wp\/v2\/media?parent=431"}],"curies":[{"name":"wp","href":"https:\/\/api.w.org\/{rel}","templated":true}]}}