{"id":3119,"date":"2025-07-07T16:45:58","date_gmt":"2025-07-07T16:45:58","guid":{"rendered":"https:\/\/delirio.com.co\/?page_id=3119"},"modified":"2026-03-16T15:06:39","modified_gmt":"2026-03-16T15:06:39","slug":"esal","status":"publish","type":"page","link":"https:\/\/delirio.com.co\/en\/esal\/","title":{"rendered":"ESAL"},"content":{"rendered":"<img loading=\"lazy\" decoding=\"async\" src=\"https:\/\/delirio.com.co\/wp-content\/uploads\/2025\/07\/DELIRIO-NEGRO-scaled.png\" alt=\"DELIRIO NEGRO\" itemprop=\"image\" height=\"747\" width=\"2560\" title=\"DELIRIO NEGRO\" onerror=\"this.style.display='none'\"  \/>\n\t<p>FUNDACI\u00d3N DELIRIO, identificada con NIT.900.129.832-1 es una entidad que <strong>est\u00e1 tramitando el proceso de solicitud al r\u00e9gimen tributario especial<\/strong>.<\/p>\n<p>Localizada en Yumbo, Valle del Cauca, Cra. 26 #12-328.<\/p>\n<p>Constituida el 17 de enero del 2007.<\/p>\n<p>&nbsp;<\/p>\n<p>La siguiente informaci\u00f3n se publica para dar cumplimiento al proceso de dicha solicitud:<\/p>","protected":false},"excerpt":{"rendered":"<p>FUNDACI\u00d3N DELIRIO, identificada con NIT.900.129.832-1 es una entidad que est\u00e1 tramitando el proceso de solicitud al r\u00e9gimen tributario especial. Localizada en Yumbo, Valle del Cauca, Cra. 26 #12-328. Constituida el 17 de enero del 2007. &nbsp; La siguiente informaci\u00f3n se publica para dar cumplimiento al proceso de dicha solicitud:<\/p>","protected":false},"author":1,"featured_media":0,"parent":0,"menu_order":0,"comment_status":"closed","ping_status":"closed","template":"","meta":{"content-type":"","footnotes":""},"class_list":["post-3119","page","type-page","status-publish","hentry"],"_links":{"self":[{"href":"https:\/\/delirio.com.co\/en\/wp-json\/wp\/v2\/pages\/3119","targetHints":{"allow":["GET"]}}],"collection":[{"href":"https:\/\/delirio.com.co\/en\/wp-json\/wp\/v2\/pages"}],"about":[{"href":"https:\/\/delirio.com.co\/en\/wp-json\/wp\/v2\/types\/page"}],"author":[{"embeddable":true,"href":"https:\/\/delirio.com.co\/en\/wp-json\/wp\/v2\/users\/1"}],"replies":[{"embeddable":true,"href":"https:\/\/delirio.com.co\/en\/wp-json\/wp\/v2\/comments?post=3119"}],"version-history":[{"count":11,"href":"https:\/\/delirio.com.co\/en\/wp-json\/wp\/v2\/pages\/3119\/revisions"}],"predecessor-version":[{"id":3357,"href":"https:\/\/delirio.com.co\/en\/wp-json\/wp\/v2\/pages\/3119\/revisions\/3357"}],"wp:attachment":[{"href":"https:\/\/delirio.com.co\/en\/wp-json\/wp\/v2\/media?parent=3119"}],"curies":[{"name":"wp","href":"https:\/\/api.w.org\/{rel}","templated":true}]}}