{"id":272,"date":"2022-06-09T03:08:29","date_gmt":"2022-06-09T03:08:29","guid":{"rendered":"https:\/\/delirio.com.co\/?page_id=272"},"modified":"2023-02-16T11:58:28","modified_gmt":"2023-02-16T11:58:28","slug":"intervencion-en-comunidades-a-traves-del-arte","status":"publish","type":"page","link":"https:\/\/delirio.com.co\/en\/intervencion-en-comunidades-a-traves-del-arte\/","title":{"rendered":"Intervenci\u00f3n en comunidades a trav\u00e9s del arte"},"content":{"rendered":"<p>Desarrollando\u00a0 programas y proyectos que contribuyan a la generaci\u00f3n de valor social y apropiaci\u00f3n cultural\u00a0 y facilitando el acceso a la oferta cultural Delirio.<\/p>\n\t\t\t\tOtros pilares\t\t\t\n\t<nav aria-label=\"Menu Pilares\" itemscope=\"itemscope\" itemtype=\"https:\/\/schema.org\/SiteNavigationElement\">\n\t\t<ul id=\"menu-menu-pilares\"><li id=\"menu-item-281\"><a href=\"https:\/\/delirio.com.co\/en\/fundacion-paso-firme\/\" tabindex=\"0\" role=\"link\">Paso Firme<\/a><\/li><li id=\"menu-item-280\"><a href=\"https:\/\/delirio.com.co\/en\/investigacion-sector-cultural\/\" tabindex=\"0\" role=\"link\">Investigaci\u00f3n<\/a><\/li><li id=\"menu-item-279\"><a href=\"https:\/\/delirio.com.co\/en\/creacion-de-espacios-de-promocion-y-circulacion\/\" tabindex=\"0\" role=\"link\">Creaci\u00f3n de espacios<\/a><\/li><li id=\"menu-item-278\"><a href=\"https:\/\/delirio.com.co\/en\/salvaguardia-del-patrimonio-cultural\/\" tabindex=\"0\" role=\"link\">Salvaguardia<\/a><\/li><li id=\"menu-item-277\"><a href=\"https:\/\/delirio.com.co\/en\/intervencion-en-comunidades-a-traves-del-arte\/\" aria-current=\"page\" tabindex=\"0\" role=\"link\">Intervenci\u00f3n<\/a><\/li><\/ul>\n\t\t\t<\/nav>\n\t\t\t\t\t\t\t\t\t<img loading=\"lazy\" decoding=\"async\" src=\"https:\/\/delirio.com.co\/wp-content\/uploads\/2022\/06\/Delirante-46-II.jpg\" alt=\"Delirante-46-II\" itemprop=\"image\" height=\"377\" width=\"609\" srcset=\"https:\/\/delirio.com.co\/wp-content\/uploads\/2022\/06\/Delirante-46-II.jpg 609w, https:\/\/delirio.com.co\/wp-content\/uploads\/2022\/06\/Delirante-46-II-300x186.jpg 300w\" sizes=\"auto, (max-width: 609px) 100vw, 609px\" title=\"Delirante-46-II\" onerror=\"this.style.display='none'\"  \/>\n<h2>\n\t\tDESCUBRIENDO TALENTOS\n\t<\/h2>\n\t<p>Este plan tiene como objetivo impulsar el desarrollo de nuevos talentos para j\u00f3venes que se encuentran en centros de resocializaci\u00f3n y educaci\u00f3n; adicionalmente promueve valores como la confianza con los instructores, as\u00ed como la confianza en s\u00ed mismos. Se trata de una formaci\u00f3n que intercambia experiencias entre los instructores y sus aprendices, para desarrollar las enormes potencialidades que hay en ellos.<\/p>\n\t\t\t\t\t\t\t\t\t<img loading=\"lazy\" decoding=\"async\" src=\"https:\/\/delirio.com.co\/wp-content\/uploads\/2022\/06\/header-comunidades.jpg\" alt=\"header-comunidades\" itemprop=\"image\" height=\"772\" width=\"1500\" srcset=\"https:\/\/delirio.com.co\/wp-content\/uploads\/2022\/06\/header-comunidades.jpg 1500w, https:\/\/delirio.com.co\/wp-content\/uploads\/2022\/06\/header-comunidades-300x154.jpg 300w, https:\/\/delirio.com.co\/wp-content\/uploads\/2022\/06\/header-comunidades-1024x527.jpg 1024w, https:\/\/delirio.com.co\/wp-content\/uploads\/2022\/06\/header-comunidades-768x395.jpg 768w\" sizes=\"auto, (max-width: 1500px) 100vw, 1500px\" title=\"header-comunidades\" onerror=\"this.style.display='none'\"  \/>\n<h2>\n\t\tUN CARNAVAL DE BARROTES BAILANDO SOBRE MI CAMA\n\t<\/h2>\n\t<p>Tal como dice la canci\u00f3n del m\u00fasico paname\u00f1o Pedro Azael, parec\u00edan tararear los j\u00f3venes de los centros de Formaci\u00f3n Juvenil Buen Pastor y Valle del Lili, el d\u00eda de la clausura del programa Paso Firme, impulsado y financiado por el ICBF y la Fundaci\u00f3n Delirio. Una iniciativa que, a trav\u00e9s del baile, estimula estilos de vida diferentes a la corrupci\u00f3n, la delincuencia y el narcotr\u00e1fico.<\/p>\n\t\t\t\t\t\t\t\t\t<img loading=\"lazy\" decoding=\"async\" src=\"https:\/\/delirio.com.co\/wp-content\/uploads\/2022\/06\/sonar.jpg\" alt=\"so\u00f1ar\" itemprop=\"image\" height=\"308\" width=\"500\" srcset=\"https:\/\/delirio.com.co\/wp-content\/uploads\/2022\/06\/sonar.jpg 500w, https:\/\/delirio.com.co\/wp-content\/uploads\/2022\/06\/sonar-300x185.jpg 300w\" sizes=\"auto, (max-width: 500px) 100vw, 500px\" title=\"so\u00f1ar\" onerror=\"this.style.display='none'\"  \/>\n<h2>\n\t\tSO\u00d1AR S\u00cd ES POSIBLE\n\t<\/h2>\n\t<p>Con este mensaje esperanzador, seis instructores de la Escuela Apoyada del programa Paso Firme de la Fundaci\u00f3n Delirio, dictaron a finales del 2014 el &#8216;Taller de baile con enfoque psicosocial&#8217; al grupo de J\u00f3venes Constructores de Paz del Tecnocentro Cultural Somos Pac\u00edfico en el sector de Potrero Grande en convenio con la Organizaci\u00f3n Internacional para las Migraciones, OIM.<\/p>","protected":false},"excerpt":{"rendered":"<p>Desarrollando\u00a0 programas y proyectos que contribuyan a la generaci\u00f3n de valor social y apropiaci\u00f3n cultural\u00a0 y facilitando el acceso a la oferta cultural Delirio. Otros pilares Paso Firme Investigaci\u00f3n Creaci\u00f3n de espacios Salvaguardia Intervenci\u00f3n DESCUBRIENDO TALENTOS Este plan tiene como objetivo impulsar el desarrollo de nuevos talentos para j\u00f3venes que se encuentran en centros de&hellip;<\/p>","protected":false},"author":1,"featured_media":0,"parent":0,"menu_order":0,"comment_status":"closed","ping_status":"closed","template":"","meta":{"content-type":"","footnotes":""},"class_list":["post-272","page","type-page","status-publish","hentry"],"_links":{"self":[{"href":"https:\/\/delirio.com.co\/en\/wp-json\/wp\/v2\/pages\/272","targetHints":{"allow":["GET"]}}],"collection":[{"href":"https:\/\/delirio.com.co\/en\/wp-json\/wp\/v2\/pages"}],"about":[{"href":"https:\/\/delirio.com.co\/en\/wp-json\/wp\/v2\/types\/page"}],"author":[{"embeddable":true,"href":"https:\/\/delirio.com.co\/en\/wp-json\/wp\/v2\/users\/1"}],"replies":[{"embeddable":true,"href":"https:\/\/delirio.com.co\/en\/wp-json\/wp\/v2\/comments?post=272"}],"version-history":[{"count":9,"href":"https:\/\/delirio.com.co\/en\/wp-json\/wp\/v2\/pages\/272\/revisions"}],"predecessor-version":[{"id":706,"href":"https:\/\/delirio.com.co\/en\/wp-json\/wp\/v2\/pages\/272\/revisions\/706"}],"wp:attachment":[{"href":"https:\/\/delirio.com.co\/en\/wp-json\/wp\/v2\/media?parent=272"}],"curies":[{"name":"wp","href":"https:\/\/api.w.org\/{rel}","templated":true}]}}