{"id":270,"date":"2022-06-09T03:08:03","date_gmt":"2022-06-09T03:08:03","guid":{"rendered":"https:\/\/delirio.com.co\/?page_id=270"},"modified":"2023-02-16T11:55:41","modified_gmt":"2023-02-16T11:55:41","slug":"salvaguardia-del-patrimonio-cultural","status":"publish","type":"page","link":"https:\/\/delirio.com.co\/en\/salvaguardia-del-patrimonio-cultural\/","title":{"rendered":"Salvaguardia del patrimonio cultural"},"content":{"rendered":"<p>Apoyo a la sostenibilidad de las escuelas art\u00edsticas, a trav\u00e9s de\u00a0 becas , aporte al pago de instructores y al desarrollo del talento a trav\u00e9s de formaci\u00f3n a formadores, formaci\u00f3n art\u00edstica integral e interdisciplinaria.<\/p>\n\t\t\t\tOtros pilares\t\t\t\n\t<nav aria-label=\"Menu Pilares\" itemscope=\"itemscope\" itemtype=\"https:\/\/schema.org\/SiteNavigationElement\">\n\t\t<ul id=\"menu-menu-pilares\"><li id=\"menu-item-281\"><a href=\"https:\/\/delirio.com.co\/en\/fundacion-paso-firme\/\" tabindex=\"0\" role=\"link\">Paso Firme<\/a><\/li><li id=\"menu-item-280\"><a href=\"https:\/\/delirio.com.co\/en\/investigacion-sector-cultural\/\" tabindex=\"0\" role=\"link\">Investigaci\u00f3n<\/a><\/li><li id=\"menu-item-279\"><a href=\"https:\/\/delirio.com.co\/en\/creacion-de-espacios-de-promocion-y-circulacion\/\" tabindex=\"0\" role=\"link\">Creaci\u00f3n de espacios<\/a><\/li><li id=\"menu-item-278\"><a href=\"https:\/\/delirio.com.co\/en\/salvaguardia-del-patrimonio-cultural\/\" aria-current=\"page\" tabindex=\"0\" role=\"link\">Salvaguardia<\/a><\/li><li id=\"menu-item-277\"><a href=\"https:\/\/delirio.com.co\/en\/intervencion-en-comunidades-a-traves-del-arte\/\" tabindex=\"0\" role=\"link\">Intervenci\u00f3n<\/a><\/li><\/ul>\n\t\t\t<\/nav>\n\t\t\t\t\t\t\t\t\t<img loading=\"lazy\" decoding=\"async\" src=\"https:\/\/delirio.com.co\/wp-content\/uploads\/2022\/06\/salva1.jpg\" alt=\"salva1\" itemprop=\"image\" height=\"607\" width=\"615\" srcset=\"https:\/\/delirio.com.co\/wp-content\/uploads\/2022\/06\/salva1.jpg 615w, https:\/\/delirio.com.co\/wp-content\/uploads\/2022\/06\/salva1-300x296.jpg 300w\" sizes=\"auto, (max-width: 615px) 100vw, 615px\" title=\"salva1\" onerror=\"this.style.display='none'\"  \/>\n<h2>\n\t\tDelirio de Cali Volumen I y Volumen II\n\t<\/h2>\n\t<p>Cali, una ciudad que ha hecho del baile un lenguaje y desde la cual se han escrito muchas p\u00e1ginas sobre la Salsa, se sigue preguntando cu\u00e1les fueron los hechos que la convirtieron en la capital de esta expresi\u00f3n musical cosmopolita.<\/p>\n<p>Con esta publicaci\u00f3n se pretende contar, de la mano de expertos y testigos, las hip\u00f3tesis y los acontecimientos que la situaron en un lugar privilegiado en el concierto internacional de la m\u00fasica salsera.<\/p>\n\t<iframe allowfullscreen allow=\"autoplay\" data-src=\"https:\/\/www.youtube.com\/embed\/C062YoY3H4w?feature=oembed&amp;start&amp;end&amp;wmode=opaque&amp;loop=0&amp;controls=1&amp;mute=0&amp;rel=0&amp;modestbranding=0\"><\/iframe>\t\t\n\t\t\t\t\tPlay Video\n<h2>\n\t\tABRIENDO PISTA\n\t<\/h2>\n\tAbriendo Pista nace para contribuir a la urgente necesidad de la reactivaci\u00f3n econ\u00f3mica y an\u00edmica de 9 colectivos de las artes esc\u00e9nicas a trav\u00e9s de un<br \/>\nmodelo de escuela apoyada, dise\u00f1ado y anhelado desde hace muchos a\u00f1os por las escuelas art\u00edsticas y para Delirio un referente de acci\u00f3n permanente que aporte a la sostenibilidad de este sector que es sin duda, la gran ventaja comparativa de nuestro departamento y pa\u00eds.","protected":false},"excerpt":{"rendered":"<p>Apoyo a la sostenibilidad de las escuelas art\u00edsticas, a trav\u00e9s de\u00a0 becas , aporte al pago de instructores y al desarrollo del talento a trav\u00e9s de formaci\u00f3n a formadores, formaci\u00f3n art\u00edstica integral e interdisciplinaria. Otros pilares Paso Firme Investigaci\u00f3n Creaci\u00f3n de espacios Salvaguardia Intervenci\u00f3n Delirio de Cali Volumen I y Volumen II Cali, una ciudad&hellip;<\/p>","protected":false},"author":1,"featured_media":0,"parent":0,"menu_order":0,"comment_status":"closed","ping_status":"closed","template":"","meta":{"content-type":"","footnotes":""},"class_list":["post-270","page","type-page","status-publish","hentry"],"_links":{"self":[{"href":"https:\/\/delirio.com.co\/en\/wp-json\/wp\/v2\/pages\/270","targetHints":{"allow":["GET"]}}],"collection":[{"href":"https:\/\/delirio.com.co\/en\/wp-json\/wp\/v2\/pages"}],"about":[{"href":"https:\/\/delirio.com.co\/en\/wp-json\/wp\/v2\/types\/page"}],"author":[{"embeddable":true,"href":"https:\/\/delirio.com.co\/en\/wp-json\/wp\/v2\/users\/1"}],"replies":[{"embeddable":true,"href":"https:\/\/delirio.com.co\/en\/wp-json\/wp\/v2\/comments?post=270"}],"version-history":[{"count":10,"href":"https:\/\/delirio.com.co\/en\/wp-json\/wp\/v2\/pages\/270\/revisions"}],"predecessor-version":[{"id":705,"href":"https:\/\/delirio.com.co\/en\/wp-json\/wp\/v2\/pages\/270\/revisions\/705"}],"wp:attachment":[{"href":"https:\/\/delirio.com.co\/en\/wp-json\/wp\/v2\/media?parent=270"}],"curies":[{"name":"wp","href":"https:\/\/api.w.org\/{rel}","templated":true}]}}