{"id":268,"date":"2022-06-09T03:07:42","date_gmt":"2022-06-09T03:07:42","guid":{"rendered":"https:\/\/delirio.com.co\/?page_id=268"},"modified":"2022-06-10T17:26:08","modified_gmt":"2022-06-10T17:26:08","slug":"creacion-de-espacios-de-promocion-y-circulacion","status":"publish","type":"page","link":"https:\/\/delirio.com.co\/en\/creacion-de-espacios-de-promocion-y-circulacion\/","title":{"rendered":"Creaci\u00f3n de espacios de promoci\u00f3n y circulaci\u00f3n"},"content":{"rendered":"<h2>\n\t<\/h2>\n\t<p>Que faciliten el encuentro de la oferta\u00a0 y\u00a0 la demanda de las artes esc\u00e9nicas del Valle del Cauca y contribuyan al desarrollo del talento y la formaci\u00f3n de p\u00fablicos.<\/p>\n\t\t\t\tOtros pilares\t\t\t\n\t   \t<ul id=\"menu-menu-pilares\"><li id=\"menu-item-281\"><a href=\"https:\/\/delirio.com.co\/en\/fundacion-paso-firme\/\" tabindex=\"0\" role=\"link\">Paso Firme<\/a><\/li>\n<li id=\"menu-item-280\"><a href=\"https:\/\/delirio.com.co\/en\/investigacion-sector-cultural\/\" tabindex=\"0\" role=\"link\">Investigaci\u00f3n<\/a><\/li>\n<li id=\"menu-item-279\"><a href=\"https:\/\/delirio.com.co\/en\/creacion-de-espacios-de-promocion-y-circulacion\/\" aria-current=\"page\" tabindex=\"0\" role=\"link\">Creaci\u00f3n de espacios<\/a><\/li>\n<li id=\"menu-item-278\"><a href=\"https:\/\/delirio.com.co\/en\/salvaguardia-del-patrimonio-cultural\/\" tabindex=\"0\" role=\"link\">Salvaguardia<\/a><\/li>\n<li id=\"menu-item-277\"><a href=\"https:\/\/delirio.com.co\/en\/intervencion-en-comunidades-a-traves-del-arte\/\" tabindex=\"0\" role=\"link\">Intervenci\u00f3n<\/a><\/li>\n<\/ul>\n\t<iframe allowfullscreen allow=\"autoplay\" data-src=\"https:\/\/www.youtube.com\/embed\/A7ZkZazfvao?feature=oembed&amp;start&amp;end&amp;wmode=opaque&amp;loop=0&amp;controls=1&amp;mute=0&amp;rel=0&amp;modestbranding=0\"><\/iframe>\t\t\n\t\t\t\t\tPlay Video\n<h2>\n\t\tVALLE EN VIVO\n\t<\/h2>\n\t<p>Valle en vivo es un espacio de\u00a0<strong>promoci\u00f3n de las artes esc\u00e9nicas del Valle del Cauca<\/strong>. Un lugar de encuentro entre la oferta y la demanda de expresiones como la danza, el teatro, la m\u00fasica, el circo y los t\u00edteres, donde podr\u00e1s encontrar agenda de eventos, directorio de artistas y proveedores de la cadena de valor de las artes esc\u00e9nicas del departamento y contenidos de valor para aportar a la formaci\u00f3n de p\u00fablicos<\/p>\n\t<iframe allowfullscreen allow=\"autoplay\" data-src=\"https:\/\/www.youtube.com\/embed\/A7ZkZazfvao?feature=oembed&amp;start&amp;end&amp;wmode=opaque&amp;loop=0&amp;controls=1&amp;mute=0&amp;rel=0&amp;modestbranding=0\"><\/iframe>\t\t\n\t\t\t\t\tPlay Video\n<h2>\n\t\tVALLE EN CLAVE\n\t<\/h2>\nPrimer festival departamental de bailarines de salsa &#8216;El Valle en clave de futuro&#8217;, organizado por la Gobernaci\u00f3n del Valle del Cauca y su Secretar\u00eda de Cultura departamental. Semillero de nuevos talentos en nuestro baile salsero regional\n<p>&nbsp;<\/p>","protected":false},"excerpt":{"rendered":"<p>Que faciliten el encuentro de la oferta\u00a0 y\u00a0 la demanda de las artes esc\u00e9nicas del Valle del Cauca y contribuyan al desarrollo del talento y la formaci\u00f3n de p\u00fablicos. Otros pilares Paso Firme Investigaci\u00f3n Creaci\u00f3n de espacios Salvaguardia Intervenci\u00f3n Play Video VALLE EN VIVO Valle en vivo es un espacio de\u00a0promoci\u00f3n de las artes esc\u00e9nicas&hellip;<\/p>","protected":false},"author":1,"featured_media":0,"parent":0,"menu_order":0,"comment_status":"closed","ping_status":"closed","template":"","meta":{"content-type":"","footnotes":""},"class_list":["post-268","page","type-page","status-publish","hentry"],"_links":{"self":[{"href":"https:\/\/delirio.com.co\/en\/wp-json\/wp\/v2\/pages\/268","targetHints":{"allow":["GET"]}}],"collection":[{"href":"https:\/\/delirio.com.co\/en\/wp-json\/wp\/v2\/pages"}],"about":[{"href":"https:\/\/delirio.com.co\/en\/wp-json\/wp\/v2\/types\/page"}],"author":[{"embeddable":true,"href":"https:\/\/delirio.com.co\/en\/wp-json\/wp\/v2\/users\/1"}],"replies":[{"embeddable":true,"href":"https:\/\/delirio.com.co\/en\/wp-json\/wp\/v2\/comments?post=268"}],"version-history":[{"count":6,"href":"https:\/\/delirio.com.co\/en\/wp-json\/wp\/v2\/pages\/268\/revisions"}],"predecessor-version":[{"id":398,"href":"https:\/\/delirio.com.co\/en\/wp-json\/wp\/v2\/pages\/268\/revisions\/398"}],"wp:attachment":[{"href":"https:\/\/delirio.com.co\/en\/wp-json\/wp\/v2\/media?parent=268"}],"curies":[{"name":"wp","href":"https:\/\/api.w.org\/{rel}","templated":true}]}}