{"id":2638,"date":"2024-08-21T21:34:39","date_gmt":"2024-08-21T21:34:39","guid":{"rendered":"https:\/\/delirio.com.co\/?page_id=2638"},"modified":"2026-01-07T20:22:29","modified_gmt":"2026-01-07T20:22:29","slug":"feria-de-cali-en-delirio-2024","status":"publish","type":"page","link":"https:\/\/delirio.com.co\/en\/feria-de-cali-en-delirio-2024\/","title":{"rendered":"Edici\u00f3n Especial de Feria 2024"},"content":{"rendered":"<iframe allowfullscreen allow=\"autoplay\" src=\"https:\/\/www.youtube.com\/embed\/mZWi48R-rYE?feature=oembed&amp;autoplay=1&amp;playlist=mZWi48R-rYE&amp;start&amp;end&amp;wmode=opaque&amp;loop=1&amp;controls=1&amp;mute=1&amp;rel=0&amp;modestbranding=0\"><\/iframe>\t\n<h2>\n\t\tOFFICIALLY PRESENTED BY\n\t<\/h2>\n\t\t\t\t\t\t\t\t\t<img loading=\"lazy\" decoding=\"async\" src=\"https:\/\/delirio.com.co\/wp-content\/uploads\/2022\/05\/occidente.png\" alt=\"occidente\" itemprop=\"image\" height=\"224\" width=\"526\" srcset=\"https:\/\/delirio.com.co\/wp-content\/uploads\/2022\/05\/occidente.png 526w, https:\/\/delirio.com.co\/wp-content\/uploads\/2022\/05\/occidente-300x128.png 300w\" sizes=\"auto, (max-width: 526px) 100vw, 526px\" title=\"occidente\" onerror=\"this.style.display='none'\"  \/>\n<h2>\n\t\tSPONSORS &amp; PARTNERS\n\t<\/h2>\n\t\t\t\t\t\t<figure>\n\t\t\t\t\t\t\t\t\t\t\t\t\t\t\t<img decoding=\"async\" src=\"https:\/\/delirio.com.co\/wp-content\/uploads\/2022\/05\/Mesa-de-trabajo-21.jpg\" alt=\"\" \/>\n\t\t\t\t\t\t\t\t\t\t\t\t\t<\/figure>\n\t\t\t\t\t\t<figure>\n\t\t\t\t\t\t\t\t\t\t\t\t\t\t\t<img decoding=\"async\" src=\"https:\/\/delirio.com.co\/wp-content\/uploads\/2022\/05\/Mesa-de-trabajo-21-copia-2.jpg\" alt=\"\" \/>\n\t\t\t\t\t\t\t\t\t\t\t\t\t<\/figure>\n\t\t\t\t\t\t<figure>\n\t\t\t\t\t\t\t\t\t\t\t\t\t\t\t<img decoding=\"async\" src=\"https:\/\/delirio.com.co\/wp-content\/uploads\/2022\/05\/Mesa-de-trabajo-21-copia.jpg\" alt=\"\" \/>\n\t\t\t\t\t\t\t\t\t\t\t\t\t<\/figure>\n\t\t\t\t\t\t<figure>\n\t\t\t\t\t\t\t\t\t\t\t\t\t\t\t<img decoding=\"async\" src=\"https:\/\/delirio.com.co\/wp-content\/uploads\/2022\/05\/Mesa-de-trabajo-21-copia-3.jpg\" alt=\"\" \/>\n\t\t\t\t\t\t\t\t\t\t\t\t\t<\/figure>\n\t\t\t\t\t\t<figure>\n\t\t\t\t\t\t\t\t\t\t\t\t\t\t\t<img decoding=\"async\" src=\"https:\/\/delirio.com.co\/wp-content\/uploads\/2022\/07\/el-pais.png\" alt=\"\" \/>\n\t\t\t\t\t\t\t\t\t\t\t\t\t<\/figure>\n\t\t\t\t\t\t<figure>\n\t\t\t\t\t\t\t\t\t\t\t\t\t\t\t<img decoding=\"async\" src=\"https:\/\/delirio.com.co\/wp-content\/uploads\/2022\/07\/oldparr.jpg\" alt=\"\" \/>\n\t\t\t\t\t\t\t\t\t\t\t\t\t<\/figure>\n\t\t\t\t\t\t<figure>\n\t\t\t\t\t\t\t\t\t\t\t\t\t\t\t<img decoding=\"async\" src=\"https:\/\/delirio.com.co\/wp-content\/uploads\/2022\/07\/club.jpg\" alt=\"\" \/>\n\t\t\t\t\t\t\t\t\t\t\t\t\t<\/figure>\n\t\t\t\t\t\t<figure>\n\t\t\t\t\t\t\t\t\t\t\t\t\t\t\t<img decoding=\"async\" src=\"https:\/\/delirio.com.co\/wp-content\/uploads\/2022\/07\/natusal.jpg\" alt=\"\" \/>\n\t\t\t\t\t\t\t\t\t\t\t\t\t<\/figure>\n\t\t\t\t\t\t<figure>\n\t\t\t\t\t\t\t\t\t\t\t\t\t\t\t<img decoding=\"async\" src=\"https:\/\/delirio.com.co\/wp-content\/uploads\/2022\/07\/pelaez.jpg\" alt=\"\" \/>\n\t\t\t\t\t\t\t\t\t\t\t\t\t<\/figure>\n\t\t\t\t\t\t<figure>\n\t\t\t\t\t\t\t\t\t\t\t\t\t\t\t<img decoding=\"async\" src=\"https:\/\/delirio.com.co\/wp-content\/uploads\/2022\/07\/willard.jpg\" alt=\"\" \/>\n\t\t\t\t\t\t\t\t\t\t\t\t\t<\/figure>\n\t\t\t\t\t\t<figure>\n\t\t\t\t\t\t\t\t\t\t\t\t\t\t\t<img decoding=\"async\" src=\"https:\/\/delirio.com.co\/wp-content\/uploads\/2022\/07\/unicentro.jpg\" alt=\"\" \/>\n\t\t\t\t\t\t\t\t\t\t\t\t\t<\/figure>\n\t\t\t\t\t\t<figure>\n\t\t\t\t\t\t\t\t\t\t\t\t\t\t\t<img decoding=\"async\" src=\"https:\/\/delirio.com.co\/wp-content\/uploads\/2022\/07\/caracol.jpg\" alt=\"\" \/>\n\t\t\t\t\t\t\t\t\t\t\t\t\t<\/figure>\n\t\t\t\t\t\t<figure>\n\t\t\t\t\t\t\t\t\t\t\t\t\t\t\t<img decoding=\"async\" src=\"https:\/\/delirio.com.co\/wp-content\/uploads\/2022\/07\/shatter.jpg\" alt=\"\" \/>\n\t\t\t\t\t\t\t\t\t\t\t\t\t<\/figure>\n\t\t\t\t\t\t<figure>\n\t\t\t\t\t\t\t\t\t\t\t\t\t\t\t<img decoding=\"async\" src=\"https:\/\/delirio.com.co\/wp-content\/uploads\/2022\/07\/olarte.jpg\" alt=\"\" \/>\n\t\t\t\t\t\t\t\t\t\t\t\t\t<\/figure>\n\t\t\t\t\t\t<figure>\n\t\t\t\t\t\t\t\t\t\t\t\t\t\t\t<img decoding=\"async\" src=\"https:\/\/delirio.com.co\/wp-content\/uploads\/2022\/07\/Mesa-de-trabajo-1.png\" alt=\"\" \/>\n\t\t\t\t\t\t\t\t\t\t\t\t\t<\/figure>\n\t\t\t\t\t\t<figure>\n\t\t\t\t\t\t\t\t\t\t\t\t\t\t\t<img decoding=\"async\" src=\"https:\/\/delirio.com.co\/wp-content\/uploads\/2022\/07\/en-medio-web.png\" alt=\"\" \/>\n\t\t\t\t\t\t\t\t\t\t\t\t\t<\/figure>\n\t\t\t\t\t\t<figure>\n\t\t\t\t\t\t\t\t\t\t\t\t\t\t\t<img decoding=\"async\" src=\"https:\/\/delirio.com.co\/wp-content\/uploads\/2022\/07\/Recurbsjfsso-1.png\" alt=\"\" \/>\n\t\t\t\t\t\t\t\t\t\t\t\t\t<\/figure>\n\t\t\t\t\t\t<figure>\n\t\t\t\t\t\t\t\t\t\t\t\t\t\t\t<img decoding=\"async\" src=\"https:\/\/delirio.com.co\/wp-content\/uploads\/2022\/07\/CAROL-LOGO-1.png\" alt=\"\" \/>\n\t\t\t\t\t\t\t\t\t\t\t\t\t<\/figure>\n\t\t\t\t\t\t<figure>\n\t\t\t\t\t\t\t\t\t\t\t\t\t\t\t<img decoding=\"async\" src=\"https:\/\/delirio.com.co\/wp-content\/uploads\/2022\/07\/Logo-Electrolit-colores.png\" alt=\"\" \/>\n\t\t\t\t\t\t\t\t\t\t\t\t\t<\/figure>\n\t\t\t\t\t\t<!-- pagination -->\n\t<a href=\"https:\/\/delirio.com.co\/en\/patrocinadores\/\" target=\"_blank\" role=\"button\" rel=\"noopener\" aria-label=\"DO YOU WANT TO BE A SPONSOR?\">\n\t\t\t\t\t\tDO YOU WANT TO BE A SPONSOR?\n\t\t\t\t\t<\/a>\n<h2>\n\t\t4.9\n\t<\/h2>\n\t\t\t\t\t\t\t\t\t<img loading=\"lazy\" decoding=\"async\" src=\"https:\/\/delirio.com.co\/wp-content\/uploads\/2022\/05\/Mesa-de-trabajo-2.png\" alt=\"Mesa de trabajo 2\" itemprop=\"image\" height=\"210\" width=\"541\" srcset=\"https:\/\/delirio.com.co\/wp-content\/uploads\/2022\/05\/Mesa-de-trabajo-2.png 541w, https:\/\/delirio.com.co\/wp-content\/uploads\/2022\/05\/Mesa-de-trabajo-2-300x116.png 300w\" sizes=\"auto, (max-width: 541px) 100vw, 541px\" title=\"Mesa de trabajo 2\" onerror=\"this.style.display='none'\"  \/>\n<h2>\n\t\t<a href=\"https:\/\/www.tripadvisor.co\/Attraction_Review-g297475-d2218100-Reviews-Delirio-Cali_Valle_del_Cauca_Department.html\" title=\"Leave your opinion!\" target=\"_self\">\n\t\tLeave your opinion!\n\t\t<\/a>\n\t<\/h2>\n<h2>\n\t\t4.5\n\t<\/h2>\n\t\t\t\t\t\t\t\t\t<img loading=\"lazy\" decoding=\"async\" src=\"https:\/\/delirio.com.co\/wp-content\/uploads\/2022\/05\/Mesa-de-trabajo-2-copia.png\" alt=\"Mesa de trabajo 2 copia\" itemprop=\"image\" height=\"210\" width=\"541\" srcset=\"https:\/\/delirio.com.co\/wp-content\/uploads\/2022\/05\/Mesa-de-trabajo-2-copia.png 541w, https:\/\/delirio.com.co\/wp-content\/uploads\/2022\/05\/Mesa-de-trabajo-2-copia-300x116.png 300w\" sizes=\"auto, (max-width: 541px) 100vw, 541px\" title=\"Mesa de trabajo 2 copia\" onerror=\"this.style.display='none'\"  \/>\n<h2>\n\t\t<a href=\"https:\/\/www.facebook.com\/Deliriocali\/reviews\/\" title=\"Leave your opinion!\" target=\"_self\">\n\t\tLeave your opinion!\n\t\t<\/a>\n\t<\/h2>\n<h2>\n\t\t4.7\n\t<\/h2>\n\t\t\t\t\t\t\t\t\t<img loading=\"lazy\" decoding=\"async\" src=\"https:\/\/delirio.com.co\/wp-content\/uploads\/2022\/05\/Mesa-de-trabajo-2-copia-2.png\" alt=\"Mesa de trabajo 2 copia 2\" itemprop=\"image\" height=\"210\" width=\"541\" srcset=\"https:\/\/delirio.com.co\/wp-content\/uploads\/2022\/05\/Mesa-de-trabajo-2-copia-2.png 541w, https:\/\/delirio.com.co\/wp-content\/uploads\/2022\/05\/Mesa-de-trabajo-2-copia-2-300x116.png 300w\" sizes=\"auto, (max-width: 541px) 100vw, 541px\" title=\"Mesa de trabajo 2 copia 2\" onerror=\"this.style.display='none'\"  \/>\n<h2>\n\t\t<a href=\"https:\/\/www.google.com\/maps\/place\/Carpa+Delirio+Salsa+%2B+Circo+%2B+Orquesta+%7C+Espect%C3%A1culo+de+Salsa+Formato+Cabaret+en+Cali\/@3.5286168,-76.5001606,17z\/data=!3m1!4b1!4m6!3m5!1s0x8e30a89a09391c9f:0xf20515ba5b6caa05!8m2!3d3.5286168!4d-76.5001606!16s%2Fg%2F1th6fw_d\" title=\"Leave your opinion!\" target=\"_self\">\n\t\tLeave your opinion!\n\t\t<\/a>\n\t<\/h2>\n<h2>\n\t\tNO TE PIERDAS <br \/><strong>DE NADA\n\t<\/strong><\/h2>\n\t\t<link itemprop=\"url\" href=\"https:\/\/delirio.com.co\"\/>\n\t\t<a itemprop=\"sameAs\" href=\"https:\/\/www.facebook.com\/Deliriocali\" target=\"_blank\" title=\"Facebook\" aria-label=\"Facebook\" role=\"button\" rel=\"noopener\">\n\t\t\t\t\t<\/a>\n\t\t<link itemprop=\"url\" href=\"https:\/\/delirio.com.co\"\/>\n\t\t<a itemprop=\"sameAs\" href=\"https:\/\/twitter.com\/deliriocali\" target=\"_blank\" title=\"Twitter\" aria-label=\"Twitter\" role=\"button\" rel=\"noopener\">\n\t\t\t\t\t<\/a>\n\t\t<link itemprop=\"url\" href=\"https:\/\/delirio.com.co\"\/>\n\t\t<a itemprop=\"sameAs\" href=\"https:\/\/www.instagram.com\/delirio.oficial\/\" target=\"_blank\" title=\"Instagram\" aria-label=\"Instagram\" role=\"button\" rel=\"noopener\">\n\t\t\t\t\t<\/a>\n\t\t<link itemprop=\"url\" href=\"https:\/\/delirio.com.co\"\/>\n\t\t<a itemprop=\"sameAs\" href=\"https:\/\/www.youtube.com\/user\/DelirioHechoenCali\" target=\"_blank\" title=\"YouTube\" aria-label=\"YouTube\" role=\"button\" rel=\"noopener\">\n\t\t\t\t\t<\/a>\n\t\t<link itemprop=\"url\" href=\"https:\/\/delirio.com.co\"\/>\n\t\t<a itemprop=\"sameAs\" href=\"https:\/\/www.tiktok.com\/@delirio.oficial\" target=\"_blank\" title=\"TikTok\" aria-label=\"TikTok\" role=\"button\" rel=\"noopener\">\n\t\t\t\t\t<\/a>\n\t\t\t\t\t\t\t<img decoding=\"async\" src=\"https:\/\/delirio.com.co\/wp-content\/uploads\/2022\/07\/rami.jpg\" alt=\"rami\" \/>\n\t\t\t\t\t\t\t\t\t\t\t\t\t\t\t\t\t\t\t\u00abAqu\u00ed hay d\u00e9cadas de herencia, de historia, un resumen de una tradici\u00f3n cultural que se vuelve un lenguaje a trav\u00e9s de este show\u00bb.\n\t\t\t\t\t\t\t\t\t\t\t\t\t\t\t\t\t<h3>Ramiro Osorio<\/h3>\n\t\t\t\t\t\t\t\t\t\t\t\t\t\t\t\t\t\t\t\t\t\t\t\t\t<h4>Director del Complejo Teatral Julio Mario Santodomingo<\/h4>\n\t\t\t\t\t\t\t<img decoding=\"async\" src=\"https:\/\/delirio.com.co\/wp-content\/uploads\/2022\/07\/1649411592_272346_1649411901_miniatura_normal.jpg\" alt=\"1649411592_272346_1649411901_miniatura_normal\" \/>\n\t\t\t\t\t\t\t\t\t\t\t\t\t\t\t\t\t\t\t\u00abNo hay en el mundo otro espect\u00e1culo as\u00ed, si acaso en Las Vegas\u00bb.\n\t\t\t\t\t\t\t\t\t\t\t\t\t\t\t\t\t<h3>Marc Anthony<\/h3>\n\t\t\t\t\t\t\t\t\t\t\t\t\t\t\t\t\t\t\t\t\t\t\t\t\t<h4>Cantante<\/h4>\n\t\t\t\t\t\t\t<img decoding=\"async\" src=\"https:\/\/delirio.com.co\/wp-content\/uploads\/2022\/07\/pontti.jpg\" alt=\"pontti\" \/>\n\t\t\t\t\t\t\t\t\t\t\t\t\t\t\t\t\t\t\t\u00abEste es el evento cultural m\u00e1s importante de la regi\u00f3n y se caracterizapor ser una ventana art\u00edstica internacional\u00bb.\n\t\t\t\t\t\t\t\t\t\t\t\t\t\t\t\t\t<h3>Marianella Protti<\/h3>\n\t\t\t\t\t\t\t\t\t\t\t\t\t\t\t\t\t\t\t\t\t\t\t\t\t<h4>Productora art\u00edstica<\/h4>\n\t\t\t\t<!-- \/.pp-testimonials -->\n\t\t\t\t<img loading=\"lazy\" decoding=\"async\" src=\"https:\/\/delirio.com.co\/wp-content\/uploads\/2022\/06\/Recurso-7.png\" alt=\"Recurso 7\" itemprop=\"image\" height=\"977\" width=\"2045\" title=\"Recurso 7\" onerror=\"this.style.display='none'\"  \/>\n\t\t\t<a href=\"https:\/\/delirio.com.co\/en\/eventos-privados-en-delirio\/\" target=\"_blank\" role=\"button\" rel=\"noopener\">\n\t\t\t\t\t\t\tPLANEEMOS JUNTOS TU EVENTO\n\t\t\t\t\t<\/a>\nUnsupported request &#8211; method type: get<h2>\n\t\tREG\u00cdSTRATE PARA ENTERARTE DE NUESTRA AGENDA, NOTICIAS Y PROMOCIONES\n\t<\/h2>\n\t<a href=\"javascript:;\" onclick=\"ml_webform_5992374('show')\"><button type=\"button\">Suscr\u00edbete a nuestro Newsletter<\/button><\/a>","protected":false},"excerpt":{"rendered":"<p>PRESENTADO OFICIALMENTE POR PATROCINADORES Y ALIADOS \u00bfQUIERES SER PATROCINADOR? 4.9 \u00a1Deja tu opini\u00f3n! 4.5 \u00a1Deja tu opini\u00f3n! 4.7 \u00a1Deja tu opini\u00f3n! NO TE PIERDAS DE NADA \u00abAqu\u00ed hay d\u00e9cadas de herencia, de historia, un resumen de una tradici\u00f3n cultural que se vuelve un lenguaje a trav\u00e9s de este show\u00bb. Ramiro Osorio Director del Complejo Teatral&hellip;<\/p>","protected":false},"author":1,"featured_media":0,"parent":0,"menu_order":0,"comment_status":"closed","ping_status":"closed","template":"","meta":{"content-type":"","footnotes":""},"class_list":["post-2638","page","type-page","status-publish","hentry"],"_links":{"self":[{"href":"https:\/\/delirio.com.co\/en\/wp-json\/wp\/v2\/pages\/2638","targetHints":{"allow":["GET"]}}],"collection":[{"href":"https:\/\/delirio.com.co\/en\/wp-json\/wp\/v2\/pages"}],"about":[{"href":"https:\/\/delirio.com.co\/en\/wp-json\/wp\/v2\/types\/page"}],"author":[{"embeddable":true,"href":"https:\/\/delirio.com.co\/en\/wp-json\/wp\/v2\/users\/1"}],"replies":[{"embeddable":true,"href":"https:\/\/delirio.com.co\/en\/wp-json\/wp\/v2\/comments?post=2638"}],"version-history":[{"count":17,"href":"https:\/\/delirio.com.co\/en\/wp-json\/wp\/v2\/pages\/2638\/revisions"}],"predecessor-version":[{"id":2816,"href":"https:\/\/delirio.com.co\/en\/wp-json\/wp\/v2\/pages\/2638\/revisions\/2816"}],"wp:attachment":[{"href":"https:\/\/delirio.com.co\/en\/wp-json\/wp\/v2\/media?parent=2638"}],"curies":[{"name":"wp","href":"https:\/\/api.w.org\/{rel}","templated":true}]}}