{"id":257,"date":"2022-06-09T02:49:31","date_gmt":"2022-06-09T02:49:31","guid":{"rendered":"https:\/\/delirio.com.co\/?page_id=257"},"modified":"2023-02-16T11:50:55","modified_gmt":"2023-02-16T11:50:55","slug":"investigacion-sector-cultural","status":"publish","type":"page","link":"https:\/\/delirio.com.co\/en\/investigacion-sector-cultural\/","title":{"rendered":"Investigaci\u00f3n Sector Cultural"},"content":{"rendered":"<h2>\n\t\tInvestigaci\u00f3n sector cultural\n\t<\/h2>\n\t<p>Como aporte a la estructuraci\u00f3n de pol\u00edticas p\u00fablicas y proyectos de desarrollo del sector de las Artes Esc\u00e9nicas.<\/p>\n\t\t\t\tOtros pilares\t\t\t\n\t<nav aria-label=\"Menu Pilares\" itemscope=\"itemscope\" itemtype=\"https:\/\/schema.org\/SiteNavigationElement\">\n\t\t<ul id=\"menu-menu-pilares\"><li id=\"menu-item-281\"><a href=\"https:\/\/delirio.com.co\/en\/fundacion-paso-firme\/\" tabindex=\"0\" role=\"link\">Paso Firme<\/a><\/li><li id=\"menu-item-280\"><a href=\"https:\/\/delirio.com.co\/en\/investigacion-sector-cultural\/\" aria-current=\"page\" tabindex=\"0\" role=\"link\">Investigaci\u00f3n<\/a><\/li><li id=\"menu-item-279\"><a href=\"https:\/\/delirio.com.co\/en\/creacion-de-espacios-de-promocion-y-circulacion\/\" tabindex=\"0\" role=\"link\">Creaci\u00f3n de espacios<\/a><\/li><li id=\"menu-item-278\"><a href=\"https:\/\/delirio.com.co\/en\/salvaguardia-del-patrimonio-cultural\/\" tabindex=\"0\" role=\"link\">Salvaguardia<\/a><\/li><li id=\"menu-item-277\"><a href=\"https:\/\/delirio.com.co\/en\/intervencion-en-comunidades-a-traves-del-arte\/\" tabindex=\"0\" role=\"link\">Intervenci\u00f3n<\/a><\/li><\/ul>\n\t\t\t<\/nav>\n\t\t\t\t\t\t\t\t\t<img loading=\"lazy\" decoding=\"async\" src=\"https:\/\/delirio.com.co\/wp-content\/uploads\/2022\/06\/cultura-2.jpg\" alt=\"cultura-2\" itemprop=\"image\" height=\"846\" width=\"617\" srcset=\"https:\/\/delirio.com.co\/wp-content\/uploads\/2022\/06\/cultura-2.jpg 617w, https:\/\/delirio.com.co\/wp-content\/uploads\/2022\/06\/cultura-2-219x300.jpg 219w\" sizes=\"auto, (max-width: 617px) 100vw, 617px\" title=\"cultura-2\" onerror=\"this.style.display='none'\"  \/>\n<h2>\n\t\tAL RITMO DE LA CREATIVIDAD: LAS ARTES ESC\u00c9NICAS ALZAN SU VOZ\n\t<\/h2>\n\t<p>Herramientas para la estructuraci\u00f3n de proyectos de desarrollo de las artes esc\u00e9nicas en el Valle del Cauca.<\/p>\n\t\t\t\t\t\t\t\t\t<img loading=\"lazy\" decoding=\"async\" src=\"https:\/\/delirio.com.co\/wp-content\/uploads\/2022\/06\/cultura1.jpg\" alt=\"cultura1\" itemprop=\"image\" height=\"474\" width=\"817\" srcset=\"https:\/\/delirio.com.co\/wp-content\/uploads\/2022\/06\/cultura1.jpg 817w, https:\/\/delirio.com.co\/wp-content\/uploads\/2022\/06\/cultura1-300x174.jpg 300w, https:\/\/delirio.com.co\/wp-content\/uploads\/2022\/06\/cultura1-768x446.jpg 768w\" sizes=\"auto, (max-width: 817px) 100vw, 817px\" title=\"cultura1\" onerror=\"this.style.display='none'\"  \/>\n<h2>\n\t\tCRECER BAILANDO\n\t<\/h2>\n\t<p>Cumpliendo con nuestro objetivo de mejorar la calidad de vida de los bailarines de salsa en Cali, realizamos con el apoyo del Ministerio de Cultura una investigaci\u00f3n cuantitativa y cualitativa de las diferentes escuelas de salsa para establecer rasgos importantes de su funcionamiento y acercarnos un poco al perfil de los bailarines.<\/p>","protected":false},"excerpt":{"rendered":"<p>Investigaci\u00f3n sector cultural Como aporte a la estructuraci\u00f3n de pol\u00edticas p\u00fablicas y proyectos de desarrollo del sector de las Artes Esc\u00e9nicas. Otros pilares Paso Firme Investigaci\u00f3n Creaci\u00f3n de espacios Salvaguardia Intervenci\u00f3n AL RITMO DE LA CREATIVIDAD: LAS ARTES ESC\u00c9NICAS ALZAN SU VOZ Herramientas para la estructuraci\u00f3n de proyectos de desarrollo de las artes esc\u00e9nicas en&hellip;<\/p>","protected":false},"author":1,"featured_media":0,"parent":0,"menu_order":0,"comment_status":"closed","ping_status":"closed","template":"","meta":{"content-type":"","footnotes":""},"class_list":["post-257","page","type-page","status-publish","hentry"],"_links":{"self":[{"href":"https:\/\/delirio.com.co\/en\/wp-json\/wp\/v2\/pages\/257","targetHints":{"allow":["GET"]}}],"collection":[{"href":"https:\/\/delirio.com.co\/en\/wp-json\/wp\/v2\/pages"}],"about":[{"href":"https:\/\/delirio.com.co\/en\/wp-json\/wp\/v2\/types\/page"}],"author":[{"embeddable":true,"href":"https:\/\/delirio.com.co\/en\/wp-json\/wp\/v2\/users\/1"}],"replies":[{"embeddable":true,"href":"https:\/\/delirio.com.co\/en\/wp-json\/wp\/v2\/comments?post=257"}],"version-history":[{"count":11,"href":"https:\/\/delirio.com.co\/en\/wp-json\/wp\/v2\/pages\/257\/revisions"}],"predecessor-version":[{"id":3034,"href":"https:\/\/delirio.com.co\/en\/wp-json\/wp\/v2\/pages\/257\/revisions\/3034"}],"wp:attachment":[{"href":"https:\/\/delirio.com.co\/en\/wp-json\/wp\/v2\/media?parent=257"}],"curies":[{"name":"wp","href":"https:\/\/api.w.org\/{rel}","templated":true}]}}