{"id":2456,"date":"2024-02-15T14:52:52","date_gmt":"2024-02-15T14:52:52","guid":{"rendered":"https:\/\/delirio.com.co\/?page_id=2456"},"modified":"2024-02-28T15:12:46","modified_gmt":"2024-02-28T15:12:46","slug":"bienvenida-al-colectivo-delirio","status":"publish","type":"page","link":"https:\/\/delirio.com.co\/en\/bienvenida-al-colectivo-delirio\/","title":{"rendered":"Bienvenida al Colectivo Delirio"},"content":{"rendered":"<img loading=\"lazy\" decoding=\"async\" src=\"https:\/\/delirio.com.co\/wp-content\/uploads\/2024\/02\/Recurso-6.png\" alt=\"Recurso 6\" itemprop=\"image\" height=\"217\" width=\"1056\" title=\"Recurso 6\" onerror=\"this.style.display='none'\"  \/>\n\t\t\t\t<img loading=\"lazy\" decoding=\"async\" src=\"https:\/\/delirio.com.co\/wp-content\/uploads\/2024\/02\/texto-inicial.png\" alt=\"texto inicial\" itemprop=\"image\" height=\"262\" width=\"1172\" title=\"texto inicial\" onerror=\"this.style.display='none'\"  \/>\n\t<iframe allowfullscreen allow=\"autoplay\" src=\"https:\/\/www.youtube.com\/embed\/Gqg-WEVQmzg?feature=oembed&amp;start&amp;end&amp;wmode=opaque&amp;loop=0&amp;controls=1&amp;mute=0&amp;rel=0&amp;modestbranding=0\"><\/iframe>\t\n\t<iframe allowfullscreen allow=\"autoplay\" src=\"https:\/\/www.youtube.com\/embed\/xlqgfTZNkdw?feature=oembed&amp;start&amp;end&amp;wmode=opaque&amp;loop=0&amp;controls=1&amp;mute=0&amp;rel=0&amp;modestbranding=0\"><\/iframe>\t\n\t\t\t\t\t\t\t\t\t\t\t\t<img decoding=\"async\" src=\"https:\/\/delirio.com.co\/wp-content\/uploads\/2023\/12\/CARPA.png\" alt=\"CARPA DELIRIO\" \/>\n\t\t\t\t\t\t\t\t<h2>CARPA DELIRIO<\/h2>\n\t\t\t\t\t\t\t\t\t<p>El espect\u00e1culo que pone en escena la ic\u00f3nica ecuaci\u00f3n salsa + circo + orquesta que ha recorrido el mundo, en un escenario \u00fanico: nuestra Carpa Delirio, escenario habilitado que ha recibido reconocimientos internacionales por su dise\u00f1o.<\/p>\n\t\t\t\t\t\t\t\t\t\t\t\t<img decoding=\"async\" src=\"https:\/\/delirio.com.co\/wp-content\/uploads\/2023\/12\/PASEO.png\" alt=\"PASEO DE LA AURORA\" \/>\n\t\t\t\t\t\t\t\t<h2>PASEO DE LA AURORA<\/h2>\n\t\t\t\t\t\t\t\t\t<p>Un parque de entretenimiento familiar donde podr\u00e1s acercarte y disfrutar de lo mejor de la alegr\u00eda, la cultura, la diversi\u00f3n y la\u00a0 identidad cale\u00f1a y vallecaucana. Gastronom\u00eda, baile, bebidas y experiencias \u00fanicas.<\/p>\n<p>\u00a0<\/p>\n\t\t\t\t\t\t\t\t\t\t\t\t<img decoding=\"async\" src=\"https:\/\/delirio.com.co\/wp-content\/uploads\/2024\/02\/privados.png\" alt=\"EVENTOS PRIVADOS\" \/>\n\t\t\t\t\t\t\t\t<h2>EVENTOS PRIVADOS<\/h2>\n\t\t\t\t\t\t\t\t\t<p>En Delirio hacemos eventos privados a la medida de cada cliente.<\/p>\n<p>Contamos con el personal log\u00edstico, art\u00edstico y de producci\u00f3n para que los organizadores y sus invitados solo se encarguen de disfrutar, nosotros nos ocupamos del resto.<\/p>\n\t\t\t<a href=\"https:\/\/delirio.com.co\/en\/carpa-delirio\/\" target=\"_blank\" role=\"button\" rel=\"noopener\">\n\t\t\t\t\t\t\tCONOCE M\u00c1S\n\t\t\t\t\t<\/a>\n\t\t\t<a href=\"https:\/\/paseodelaaurora-delirio.com\/\" target=\"_blank\" role=\"button\" rel=\"noopener\">\n\t\t\t\t\t\t\tCONOCE M\u00c1S\n\t\t\t\t\t<\/a>\n\t\t\t<a href=\"https:\/\/delirio.com.co\/en\/eventos-privados-en-delirio\/\" target=\"_blank\" role=\"button\" rel=\"noopener\">\n\t\t\t\t\t\t\tCONOCE M\u00c1S\n\t\t\t\t\t<\/a>\n\t<p>Con\u00f3ce m\u00e1s sobre la <strong>historia<\/strong>, los <strong>espect\u00e1culos<\/strong><\/p>\n<p>y los <strong>proyectos<\/strong> de este sue\u00f1o llamado Delirio<\/p>\n<p>&nbsp;<\/p>\n\t\t\t<a href=\"https:\/\/www.canva.com\/design\/DAF9iyLHf1g\/al01IFyHcpBsTfbjusJcUQ\/edit?utm_content=DAF9iyLHf1g&#038;utm_campaign=designshare&#038;utm_medium=link2&#038;utm_source=sharebutton\" target=\"_blank\" role=\"button\" rel=\"noopener\">\n\t\t\t\t\t\t\tIR A LA PRESENTACI\u00d3N\n\t\t\t\t\t<\/a>\n\t\t\t\t\t\t<!-- pagination -->","protected":false},"excerpt":{"rendered":"<p>CARPA DELIRIO El espect\u00e1culo que pone en escena la ic\u00f3nica ecuaci\u00f3n salsa + circo + orquesta que ha recorrido el mundo, en un escenario \u00fanico: nuestra Carpa Delirio, escenario habilitado que ha recibido reconocimientos internacionales por su dise\u00f1o. PASEO DE LA AURORA Un parque de entretenimiento familiar donde podr\u00e1s acercarte y disfrutar de lo mejor&hellip;<\/p>","protected":false},"author":1,"featured_media":0,"parent":0,"menu_order":0,"comment_status":"closed","ping_status":"closed","template":"","meta":{"content-type":"","footnotes":""},"class_list":["post-2456","page","type-page","status-publish","hentry"],"_links":{"self":[{"href":"https:\/\/delirio.com.co\/en\/wp-json\/wp\/v2\/pages\/2456","targetHints":{"allow":["GET"]}}],"collection":[{"href":"https:\/\/delirio.com.co\/en\/wp-json\/wp\/v2\/pages"}],"about":[{"href":"https:\/\/delirio.com.co\/en\/wp-json\/wp\/v2\/types\/page"}],"author":[{"embeddable":true,"href":"https:\/\/delirio.com.co\/en\/wp-json\/wp\/v2\/users\/1"}],"replies":[{"embeddable":true,"href":"https:\/\/delirio.com.co\/en\/wp-json\/wp\/v2\/comments?post=2456"}],"version-history":[{"count":14,"href":"https:\/\/delirio.com.co\/en\/wp-json\/wp\/v2\/pages\/2456\/revisions"}],"predecessor-version":[{"id":2486,"href":"https:\/\/delirio.com.co\/en\/wp-json\/wp\/v2\/pages\/2456\/revisions\/2486"}],"wp:attachment":[{"href":"https:\/\/delirio.com.co\/en\/wp-json\/wp\/v2\/media?parent=2456"}],"curies":[{"name":"wp","href":"https:\/\/api.w.org\/{rel}","templated":true}]}}