{"id":2363,"date":"2024-01-25T15:08:13","date_gmt":"2024-01-25T15:08:13","guid":{"rendered":"https:\/\/delirio.com.co\/?page_id=2363"},"modified":"2025-08-05T20:18:02","modified_gmt":"2025-08-05T20:18:02","slug":"fiesta-empresarial-fin-de-ano-2025","status":"publish","type":"page","link":"https:\/\/delirio.com.co\/en\/fiesta-empresarial-fin-de-ano-2025\/","title":{"rendered":"Fiesta Empresarial Fin de A\u00f1o 2025"},"content":{"rendered":"<iframe allowfullscreen allow=\"autoplay\" src=\"https:\/\/www.youtube.com\/embed\/2EwVlBgODCA?feature=oembed&amp;autoplay=1&amp;start&amp;end&amp;wmode=opaque&amp;loop=0&amp;controls=1&amp;mute=1&amp;rel=0&amp;modestbranding=0\"><\/iframe>\t\n\t\t\t\t\t\t\t\t\t\t\t\t<img decoding=\"async\" src=\"https:\/\/delirio.com.co\/wp-content\/uploads\/2025\/05\/Alimentos-y-bebidas.png\" alt=\"COMIDAS Y BEBIDAS\" \/>\n\t\t\t\t\t\t\t\t<h2>COMIDAS Y BEBIDAS<\/h2>\n\t\t\t\t\t\t\t\t\t<p>Picada personal acompa\u00f1ada de<\/p>\n<p>una bebida no alcoholica.<\/p>\n<p><strong>Pregunta por nuestro adicionales.<\/strong><\/p>\n\t\t\t\t\t\t\t\t\t\t\t\t<img decoding=\"async\" src=\"https:\/\/delirio.com.co\/wp-content\/uploads\/2025\/05\/logistica.png\" alt=\"LOG\u00cdSTICA\" \/>\n\t\t\t\t\t\t\t\t<h2>LOG\u00cdSTICA<\/h2>\n\t\t\t\t\t\t\t\t\t<p>Contamos con personal log\u00edstico y t\u00e9cnico capacitado para que tu y tus invitados solo se preocupen por disfrutar.<\/p>\n\t\t\t\t\t\t\t\t\t\t\t\t<img decoding=\"async\" src=\"https:\/\/delirio.com.co\/wp-content\/uploads\/2025\/05\/produccion.png\" alt=\"EQUIPO DE PRODUCCI\u00d3N\" \/>\n\t\t\t\t\t\t\t\t<h2>EQUIPO DE PRODUCCI\u00d3N<\/h2>\n\t\t\t\t\t\t\t\t\t<p>En Delirio nos encargamos de toda la producci\u00f3n con nuestro equipo de alta calidad.<\/p>","protected":false},"excerpt":{"rendered":"<p>COMIDAS Y BEBIDAS Picada personal acompa\u00f1ada de una bebida no alcoholica. Pregunta por nuestro adicionales. LOG\u00cdSTICA Contamos con personal log\u00edstico y t\u00e9cnico capacitado para que tu y tus invitados solo se preocupen por disfrutar. EQUIPO DE PRODUCCI\u00d3N En Delirio nos encargamos de toda la producci\u00f3n con nuestro equipo de alta calidad.<\/p>","protected":false},"author":1,"featured_media":0,"parent":0,"menu_order":0,"comment_status":"closed","ping_status":"closed","template":"","meta":{"content-type":"","footnotes":""},"class_list":["post-2363","page","type-page","status-publish","hentry"],"_links":{"self":[{"href":"https:\/\/delirio.com.co\/en\/wp-json\/wp\/v2\/pages\/2363","targetHints":{"allow":["GET"]}}],"collection":[{"href":"https:\/\/delirio.com.co\/en\/wp-json\/wp\/v2\/pages"}],"about":[{"href":"https:\/\/delirio.com.co\/en\/wp-json\/wp\/v2\/types\/page"}],"author":[{"embeddable":true,"href":"https:\/\/delirio.com.co\/en\/wp-json\/wp\/v2\/users\/1"}],"replies":[{"embeddable":true,"href":"https:\/\/delirio.com.co\/en\/wp-json\/wp\/v2\/comments?post=2363"}],"version-history":[{"count":43,"href":"https:\/\/delirio.com.co\/en\/wp-json\/wp\/v2\/pages\/2363\/revisions"}],"predecessor-version":[{"id":3138,"href":"https:\/\/delirio.com.co\/en\/wp-json\/wp\/v2\/pages\/2363\/revisions\/3138"}],"wp:attachment":[{"href":"https:\/\/delirio.com.co\/en\/wp-json\/wp\/v2\/media?parent=2363"}],"curies":[{"name":"wp","href":"https:\/\/api.w.org\/{rel}","templated":true}]}}