{"id":2173,"date":"2023-12-12T14:28:07","date_gmt":"2023-12-12T14:28:07","guid":{"rendered":"https:\/\/delirio.com.co\/?page_id=2173"},"modified":"2026-03-10T16:02:46","modified_gmt":"2026-03-10T16:02:46","slug":"eventos-privados-en-delirio","status":"publish","type":"page","link":"https:\/\/delirio.com.co\/en\/eventos-privados-en-delirio\/","title":{"rendered":"Private events"},"content":{"rendered":"<img loading=\"lazy\" decoding=\"async\" src=\"https:\/\/delirio.com.co\/wp-content\/uploads\/2024\/01\/delirio-a-tu-medida.png\" alt=\"delirio a tu medida\" itemprop=\"image\" height=\"862\" width=\"1610\" title=\"delirio a tu medida\" onerror=\"this.style.display='none'\"  \/>\n\t\t\t\t<img loading=\"lazy\" decoding=\"async\" src=\"https:\/\/delirio.com.co\/wp-content\/uploads\/2024\/08\/Recurso-8.png\" alt=\"Recurso 8\" itemprop=\"image\" height=\"142\" width=\"1359\" title=\"Recurso 8\" onerror=\"this.style.display='none'\"  \/>\n\t\t\t\t<img loading=\"lazy\" decoding=\"async\" src=\"https:\/\/delirio.com.co\/wp-content\/uploads\/2024\/08\/Recurso-9.png\" alt=\"Recurso 9\" itemprop=\"image\" height=\"85\" width=\"1415\" title=\"Recurso 9\" onerror=\"this.style.display='none'\"  \/>\n\t\t\t\t\t\t<!-- pagination -->\n\t\t\t\t<img loading=\"lazy\" decoding=\"async\" src=\"https:\/\/delirio.com.co\/wp-content\/uploads\/2023\/12\/Recurso-3.png\" alt=\"Recurso 3\" itemprop=\"image\" height=\"708\" width=\"4151\" title=\"Recurso 3\" onerror=\"this.style.display='none'\"  \/>\n\t\t\t<a href=\"https:\/\/share.hsforms.com\/1q63p1mp_SASgRf3ULsaBEAnrdrn\" target=\"_blank\" role=\"button\" rel=\"noopener\">\n\t\t\t\t\t\t\tPLANEEMOS JUNTOS TU EVENTO\n\t\t\t\t\t<\/a>\n\t<p>3 AMBIENTES \u00daNICOS<\/p>\n\t\t\t\t\t\t\t\t\t\t\t\t<img decoding=\"async\" src=\"https:\/\/delirio.com.co\/wp-content\/uploads\/2024\/08\/Recurso-19.png\" alt=\"CARPA DELIRIO\" \/>\n\t\t\t\t\t\t\t\t<h2>CARPA DELIRIO<\/h2>\n\t\t\t\t\t\t\t\t\t<p>Podr\u00e1s disfrutar del espect\u00e1culo que pone en escena la ic\u00f3nica ecuaci\u00f3n salsa + circo + orquesta que ha recorrido el mundo, en un escenario \u00fanico: nuestra Carpa Delirio, escenario habilitado que ha recibido reconocimientos internacionales por su dise\u00f1o.<\/p>\n<p><strong>Opciones de aforo<\/strong><\/p>\n<p>250 a 500 personas<\/p>\n<p>500 a 800 personas<\/p>\n<p>800 a 1000 personas<\/p>\n<p>1000 a 1500 personas<\/p>\n\t\t\t\t\t\t\t\t\t\t\t\t<img decoding=\"async\" src=\"https:\/\/delirio.com.co\/wp-content\/uploads\/2024\/08\/Recurso-20.png\" alt=\"LOBBY TEM\u00c1TICO\" \/>\n\t\t\t\t\t\t\t\t<h2>LOBBY TEM\u00c1TICO<\/h2>\n\t\t\t\t\t\t\t\t\t<p>\u00a0<\/p>\n<p>Vivir\u00e1s una experiencia inmersiva donde tu, tu marca y tus clientes, podr\u00e1n interactuar con personajes ic\u00f3nicos de la cultura popular cale\u00f1a y vallecaucana.<\/p>\n<p>\u00a0<\/p>\n<p><strong>Opciones de aforo<\/strong><\/p>\n<p>50 a 100 personas<\/p>\n<p>100 a 200 personas<\/p>\n<p>200 a 250 personas<\/p>\n\t\t\t\t\t\t\t\t\t\t\t\t<img decoding=\"async\" src=\"https:\/\/delirio.com.co\/wp-content\/uploads\/2024\/08\/Recurso-21.png\" alt=\"PASEO DE LA AURORA\" \/>\n\t\t\t\t\t\t\t\t<h2>PASEO DE LA AURORA<\/h2>\n\t\t\t\t\t\t\t\t\t<p>Un parque de entretenimiento familiar donde podr\u00e1s acercarte y disfrutar de lo mejor de la alegr\u00eda, la cultura, la diversi\u00f3n y la\u00a0 identidad cale\u00f1a y vallecaucana. Gastronom\u00eda, baile, bebidas y experiencias \u00fanicas.<\/p>\n<p><strong>Opciones de aforo<\/strong><\/p>\n<p>300 a 500 personas<\/p>\n<p>500 a 700 personas<\/p>\n<p>700 a 900 personas<\/p>\n\t\t\t\t\t\t\t<img decoding=\"async\" src=\"https:\/\/delirio.com.co\/wp-content\/uploads\/2023\/12\/testimonio.png\" alt=\"testimonio\" \/>\n\t\t\t\t\t\t\t\t\t\t\t\t\t\t\t\t\t\t\t<p>\u00abSiempre me encant\u00f3 Delirio, crec\u00ed en Cali, luego me fui al exterior. Para mi matrimonio quer\u00eda algo as\u00ed y en Cali. No pens\u00e9 que estuviera a nuestro alcance, por lo que fui muy feliz cuando creamos toda la experiencia para una celebraci\u00f3n, me guiaron para armar todo seg\u00fan mi presupuesto y la experiencia que quer\u00eda generar\u00bb<\/p>\n\t\t\t\t\t\t\t\t\t\t\t\t\t\t\t\t\t<h3>Valentina &#038; Juan<\/h3>\n\t\t\t\t\t\t\t\t\t\t\t\t\t\t\t\t\t\t\t\t\t\t\t\t\t<h4>Pre-Boda en Lobby tem\u00e1tico<\/h4>\n\t\t\t\t<!-- \/.pp-testimonials -->\n\t<p>\u00bfPOR QU\u00c9 HACER TU EVENTO EN DELIRIO?<\/p>\n\t<iframe allowfullscreen allow=\"autoplay\" src=\"https:\/\/www.youtube.com\/embed\/PO8SdDPvhtM?feature=oembed&amp;autoplay=1&amp;playlist=PO8SdDPvhtM&amp;start&amp;end&amp;wmode=opaque&amp;loop=1&amp;controls=1&amp;mute=1&amp;rel=0&amp;modestbranding=0\"><\/iframe>\t\n\t<p><img decoding=\"async\" role=\"img\" draggable=\"false\" src=\"https:\/\/s.w.org\/images\/core\/emoji\/14.0.0\/svg\/2b50.svg\" alt=\"\u2b50\" \/> Nos ajustamos a tus necesidades de tama\u00f1o, presupuesto y duraci\u00f3n.<\/p>\n\t<p><img decoding=\"async\" role=\"img\" draggable=\"false\" src=\"https:\/\/s.w.org\/images\/core\/emoji\/14.0.0\/svg\/2b50.svg\" alt=\"\u2b50\" \/> Contamos con un colectivo art\u00edstico multidisciplinario de alta calidad compuesto por bailarines, actores, artistas de circo y m\u00fasicos de talla internacional, con quienes creamos historias bailadas para alterar los sentidos.<\/p>\n\t<p><img decoding=\"async\" role=\"img\" draggable=\"false\" src=\"https:\/\/s.w.org\/images\/core\/emoji\/14.0.0\/svg\/2b50.svg\" alt=\"\u2b50\" \/> Somos la ecuaci\u00f3n perfecta de 3 artes esc\u00e9nicas que crean experiencias memorables: salsa + circo + orquesta.<\/p>\n\t<p><img decoding=\"async\" role=\"img\" draggable=\"false\" src=\"https:\/\/s.w.org\/images\/core\/emoji\/14.0.0\/svg\/2b50.svg\" alt=\"\u2b50\" \/> En 20 a\u00f1os, m\u00e1s de 700.000 personas en escenarios de m\u00e1s de 21 pa\u00edses confirman la excelencia de nuestro espect\u00e1culo y la pasi\u00f3n con la que hacemos lo que amamos.<\/p>\n\t<p><img decoding=\"async\" role=\"img\" draggable=\"false\" src=\"https:\/\/s.w.org\/images\/core\/emoji\/14.0.0\/svg\/2b50.svg\" alt=\"\u2b50\" \/> Contamos con personal log\u00edstico y t\u00e9cnico capacitado para que tu y tus invitados solo se preocupen por disfrutar.<\/p>\n\t<p><img decoding=\"async\" role=\"img\" draggable=\"false\" src=\"https:\/\/s.w.org\/images\/core\/emoji\/14.0.0\/svg\/2b50.svg\" alt=\"\u2b50\" \/> <strong>Somos uno de los pocos escenarios habilitados en Colombia por la ley 1493 de 2011 de espect\u00e1culos p\u00fablicos.<\/strong><\/p>\n<p>En nuestra Carpa contamos con todos los requisitos legales y de seguridad para el bienestar de tus invitados. Esto tambi\u00e9n supone un ahorro importante en costos para tu evento.<\/p>\n\t\t\t\t\t\t\t\t\t<img loading=\"lazy\" decoding=\"async\" src=\"https:\/\/delirio.com.co\/wp-content\/uploads\/2023\/12\/Recurso-14.png\" alt=\"Recurso 14\" itemprop=\"image\" height=\"630\" width=\"3273\" srcset=\"https:\/\/delirio.com.co\/wp-content\/uploads\/2023\/12\/Recurso-14.png 3273w, https:\/\/delirio.com.co\/wp-content\/uploads\/2023\/12\/Recurso-14-300x58.png 300w, https:\/\/delirio.com.co\/wp-content\/uploads\/2023\/12\/Recurso-14-1024x197.png 1024w, https:\/\/delirio.com.co\/wp-content\/uploads\/2023\/12\/Recurso-14-768x148.png 768w, https:\/\/delirio.com.co\/wp-content\/uploads\/2023\/12\/Recurso-14-1536x296.png 1536w, https:\/\/delirio.com.co\/wp-content\/uploads\/2023\/12\/Recurso-14-2048x394.png 2048w\" sizes=\"auto, (max-width: 3273px) 100vw, 3273px\" title=\"Recurso 14\" onerror=\"this.style.display='none'\"  \/>\n\t\t\t<a href=\"https:\/\/share.hsforms.com\/1q63p1mp_SASgRf3ULsaBEAnrdrn\" target=\"_blank\" role=\"button\" rel=\"noopener\">\n\t\t\t\t\t\t\tPLANEEMOS JUNTOS TU EVENTO\n\t\t\t\t\t<\/a>\n\t<p>\u00bfNo vives en Cali y quieres hacer un evento delirante?<\/p>\n\t<p>Llegamos a donde t\u00fa est\u00e9s<\/p>\n\t\t\t\t\t\t\t\t\t\t\t\t<img decoding=\"async\" src=\"https:\/\/delirio.com.co\/wp-content\/uploads\/2023\/12\/IMG_7180-1.jpg\" alt=\"MOMENTO DELIRIO\" \/>\n\t\t\t\t\t\t\t\t<h2>MOMENTO DELIRIO<\/h2>\n\t\t\t\t\t\t\t\t\t<p>\u00a0<\/p>\n<p><strong>\u00bfEn d\u00f3nde disfrutar este momento?<\/strong><\/p>\n<p>Apto para espacios cerrados en formato teatro de hasta 300 asistentes o para acompa\u00f1ar shows de gran formato de otros artistas de m\u00fasica latina. Se adapta muy bien como cierre o apertura de eventos privados corporativos.<\/p>\n<p><br \/><strong>Duraci\u00f3n del show<\/strong><\/p>\n<p>30 minutos (puede variar seg\u00fan tus necesidades)<\/p>\n<p>\u00a0<\/p>\n\t\t\t\t\t\t\t\t\t\t\t\t<img decoding=\"async\" src=\"https:\/\/delirio.com.co\/wp-content\/uploads\/2023\/12\/IMG_7192-1.jpg\" alt=\"ECUACI\u00d3N Y DESCARGA\" \/>\n\t\t\t\t\t\t\t\t<h2>ECUACI\u00d3N Y DESCARGA<\/h2>\n\t\t\t\t\t\t\t\t\t<p>\u00a0<\/p>\n<p><strong>\u00bfEn d\u00f3nde disfrutar este momento?<\/strong><\/p>\n<p>Apto para montajes al aire libre o en recintos cerrados con acomodaci\u00f3n cabaret o teatro. Se adapta muy bien para lanzamientos, fiestas locales y nacionales, celebraciones institucionales. Tambi\u00e9n para venta de boleter\u00eda al p\u00fablico en eventos propios, festivales y experiencias de entretenimiento.<\/p>\n<p><strong>Duraci\u00f3n del show<\/strong><\/p>\n<p>60 minutos (puede variar seg\u00fan tus necesidades)<\/p>\n<p>\u00a0<\/p>\n\t\t\t\t\t\t\t\t\t\t\t\t<img decoding=\"async\" src=\"https:\/\/delirio.com.co\/wp-content\/uploads\/2023\/12\/TBLLIVE_DELIRIO_12112022-MAT_7388_41.jpg\" alt=\"GRAN FORMATO\" \/>\n\t\t\t\t\t\t\t\t<h2>GRAN FORMATO<\/h2>\n\t\t\t\t\t\t\t\t\t<p>\u00a0<\/p>\n<p><strong>\u00bfEn d\u00f3nde disfrutar este momento?<\/strong><\/p>\n<p>Apto para montajes al aire libre o en recintos cerrados con acomodaci\u00f3n cabaret o teatro. Se adapta muy bien para lanzamientos, fiestas locales, y nacionales, celebraciones institucionales. Tambi\u00e9n para venta de boleter\u00eda al p\u00fablico en eventos cabaret o teatro entre 1.000 y 2.000 personas.<\/p>\n<p><br \/><strong>Duraci\u00f3n del show<\/strong><\/p>\n<p>90 minutos (puede variar seg\u00fan tus necesidades)<\/p>\n\t\t\t\t<img loading=\"lazy\" decoding=\"async\" src=\"https:\/\/delirio.com.co\/wp-content\/uploads\/2023\/12\/OTRO-TXT.png\" alt=\"OTRO TXT\" itemprop=\"image\" height=\"377\" width=\"3069\" title=\"OTRO TXT\" onerror=\"this.style.display='none'\"  \/>\n\t<p>Habla con nuestros asesores para crearlo <em>a tu medida<\/em><\/p>\n\t\t\t<a href=\"https:\/\/share.hsforms.com\/1q63p1mp_SASgRf3ULsaBEAnrdrn\" target=\"_blank\" role=\"button\" rel=\"noopener\">\n\t\t\t\t\t\t\tPLANEEMOS JUNTOS TU EVENTO\n\t\t\t\t\t<\/a>","protected":false},"excerpt":{"rendered":"<p>PLANEEMOS JUNTOS TU EVENTO 3 AMBIENTES \u00daNICOS CARPA DELIRIO Podr\u00e1s disfrutar del espect\u00e1culo que pone en escena la ic\u00f3nica ecuaci\u00f3n salsa + circo + orquesta que ha recorrido el mundo, en un escenario \u00fanico: nuestra Carpa Delirio, escenario habilitado que ha recibido reconocimientos internacionales por su dise\u00f1o. Opciones de aforo 250 a 500 personas 500&hellip;<\/p>","protected":false},"author":1,"featured_media":0,"parent":0,"menu_order":0,"comment_status":"closed","ping_status":"closed","template":"","meta":{"content-type":"","footnotes":""},"class_list":["post-2173","page","type-page","status-publish","hentry"],"_links":{"self":[{"href":"https:\/\/delirio.com.co\/en\/wp-json\/wp\/v2\/pages\/2173","targetHints":{"allow":["GET"]}}],"collection":[{"href":"https:\/\/delirio.com.co\/en\/wp-json\/wp\/v2\/pages"}],"about":[{"href":"https:\/\/delirio.com.co\/en\/wp-json\/wp\/v2\/types\/page"}],"author":[{"embeddable":true,"href":"https:\/\/delirio.com.co\/en\/wp-json\/wp\/v2\/users\/1"}],"replies":[{"embeddable":true,"href":"https:\/\/delirio.com.co\/en\/wp-json\/wp\/v2\/comments?post=2173"}],"version-history":[{"count":89,"href":"https:\/\/delirio.com.co\/en\/wp-json\/wp\/v2\/pages\/2173\/revisions"}],"predecessor-version":[{"id":3346,"href":"https:\/\/delirio.com.co\/en\/wp-json\/wp\/v2\/pages\/2173\/revisions\/3346"}],"wp:attachment":[{"href":"https:\/\/delirio.com.co\/en\/wp-json\/wp\/v2\/media?parent=2173"}],"curies":[{"name":"wp","href":"https:\/\/api.w.org\/{rel}","templated":true}]}}