{"id":1101,"date":"2023-09-04T14:17:30","date_gmt":"2023-09-04T14:17:30","guid":{"rendered":"https:\/\/delirio.com.co\/?page_id=1101"},"modified":"2023-12-12T16:45:35","modified_gmt":"2023-12-12T16:45:35","slug":"edicion-especial-delirio-feria-de-cali-2023","status":"publish","type":"page","link":"https:\/\/delirio.com.co\/en\/edicion-especial-delirio-feria-de-cali-2023\/","title":{"rendered":"Edici\u00f3n especial de Feria 2023"},"content":{"rendered":"<img decoding=\"async\" src=\"https:\/\/delirio.com.co\/wp-content\/uploads\/2023\/09\/Logo-DF.png\" alt=\"Logo D+F\" itemprop=\"image\" srcset=\"https:\/\/delirio.com.co\/wp-content\/uploads\/2023\/09\/Logo-DF-e1693835606280.png 509w, https:\/\/delirio.com.co\/wp-content\/uploads\/2023\/09\/Logo-DF-e1693835606280-300x128.png 300w\" sizes=\"(max-width: 509px) 100vw, 509px\" title=\"Logo D+F\" onerror=\"this.style.display='none'\"  \/>\n\t\t\t\t\t\t\t\t\t<img loading=\"lazy\" decoding=\"async\" src=\"https:\/\/delirio.com.co\/wp-content\/uploads\/2023\/09\/Logo-Feria.png\" alt=\"Logo Feria\" itemprop=\"image\" height=\"411\" width=\"1081\" srcset=\"https:\/\/delirio.com.co\/wp-content\/uploads\/2023\/09\/Logo-Feria.png 1081w, https:\/\/delirio.com.co\/wp-content\/uploads\/2023\/09\/Logo-Feria-300x114.png 300w, https:\/\/delirio.com.co\/wp-content\/uploads\/2023\/09\/Logo-Feria-1024x389.png 1024w, https:\/\/delirio.com.co\/wp-content\/uploads\/2023\/09\/Logo-Feria-768x292.png 768w\" sizes=\"auto, (max-width: 1081px) 100vw, 1081px\" title=\"Logo Feria\" onerror=\"this.style.display='none'\"  \/>\n\t<p>Evento para mayores de 18 a\u00f1os<\/p>\n<h2>\n\t\t\u00a1DELIRAR EN LA FERIA LO ES TODO!\n\t<\/h2>\n\t<p>&nbsp;<\/p>\n<p>En la temporada de Feria de Cali 2023, ven a vivir noches delirantes en el espect\u00e1culo tipo cabaret de salsa, circo y orquesta m\u00e1s grande de Colombia.<\/p>\n\t\t\t\t\t\t\t\t\t<img loading=\"lazy\" decoding=\"async\" src=\"https:\/\/delirio.com.co\/wp-content\/uploads\/2023\/09\/Recurso-2.png\" alt=\"Recurso 2\" itemprop=\"image\" height=\"771\" width=\"3158\" srcset=\"https:\/\/delirio.com.co\/wp-content\/uploads\/2023\/09\/Recurso-2.png 3158w, https:\/\/delirio.com.co\/wp-content\/uploads\/2023\/09\/Recurso-2-300x73.png 300w, https:\/\/delirio.com.co\/wp-content\/uploads\/2023\/09\/Recurso-2-1024x250.png 1024w, https:\/\/delirio.com.co\/wp-content\/uploads\/2023\/09\/Recurso-2-768x188.png 768w, https:\/\/delirio.com.co\/wp-content\/uploads\/2023\/09\/Recurso-2-1536x375.png 1536w, https:\/\/delirio.com.co\/wp-content\/uploads\/2023\/09\/Recurso-2-2048x500.png 2048w\" sizes=\"auto, (max-width: 3158px) 100vw, 3158px\" title=\"Recurso 2\" onerror=\"this.style.display='none'\"  \/>\n\t\t\t<a href=\"https:\/\/tuboleta.com\/eventos\/detalle\/carpa-delirio-edicion-especial-2023\/780468757339\" target=\"_blank\" role=\"button\" rel=\"noopener\">\n\t\t\t\t\t\t\tBUY YOUR TICKETS\n\t\t\t\t\t<\/a>\n\t\t\t\t<img loading=\"lazy\" decoding=\"async\" src=\"https:\/\/delirio.com.co\/wp-content\/uploads\/2023\/09\/Recurso-5.png\" alt=\"Recurso 5\" itemprop=\"image\" height=\"6640\" width=\"4195\" title=\"Recurso 5\" onerror=\"this.style.display='none'\"  \/>\n\t\t\t<video src=\"https:\/\/delirio.com.co\/wp-content\/uploads\/2023\/09\/Feria.mp4\" autoplay=\"\" webkit-playsinline=\"\" playsinline=\"\" loop=\"\" muted=\"muted\" controlslist=\"nodownload\" poster=\"https:\/\/delirio.com.co\/wp-content\/uploads\/2023\/02\/PORTADA.png\" preload=\"none\"><\/video>\n<h2>\n\t\tEVENING AGENDA\n\t<\/h2>\n\t<strong>7:00 p.m. &#8211; Apertura de puertas<\/strong>\n<p><strong>8:50 p.m. &#8211; Comparsa en Lobby<\/strong><\/p>\n<p><strong>9:30 p.m. &#8211; Inicio del espect\u00e1culo<\/strong><\/p>\n<p><strong>10:20 p.m. &#8211; Primer intermedio, pista de baile<\/strong><\/p>\n<p><strong>10:50 p.m. &#8211; Edici\u00f3n especial de Feria 2023<\/strong><\/p>\n<p><strong>11:25 p.m. &#8211; Segundo intermedio, pista de baile<\/strong><\/p>\n<p><strong>11:55 p.m. &#8211; Tercer espect\u00e1culo: Fiebre de viernes y Punto delirante (DJ en vivo y pista de baile)<\/strong><\/p>\n<p><strong>2:00 a.m. &#8211; Fin de la noche<\/strong><\/p>\n\t\t\t\t\t\t<figure>\n\t\t\t\t\t\t\t\t\t\t\t\t\t\t\t<img decoding=\"async\" src=\"https:\/\/delirio.com.co\/wp-content\/uploads\/2023\/09\/EGR3309-scaled.jpg\" alt=\"\" \/>\n\t\t\t\t\t\t\t\t\t\t\t\t\t<\/figure>\n\t\t\t\t\t\t<figure>\n\t\t\t\t\t\t\t\t\t\t\t\t\t\t\t<img decoding=\"async\" src=\"https:\/\/delirio.com.co\/wp-content\/uploads\/2023\/09\/Delirio-Celebracion-151-scaled.jpg\" alt=\"\" \/>\n\t\t\t\t\t\t\t\t\t\t\t\t\t<\/figure>\n\t\t\t\t\t\t<figure>\n\t\t\t\t\t\t\t\t\t\t\t\t\t\t\t<img decoding=\"async\" src=\"https:\/\/delirio.com.co\/wp-content\/uploads\/2023\/09\/DSCN7479-scaled.jpg\" alt=\"\" \/>\n\t\t\t\t\t\t\t\t\t\t\t\t\t<\/figure>\n\t\t\t\t\t\t<figure>\n\t\t\t\t\t\t\t\t\t\t\t\t\t\t\t<img decoding=\"async\" src=\"https:\/\/delirio.com.co\/wp-content\/uploads\/2023\/09\/Foto-1-scaled.jpg\" alt=\"\" \/>\n\t\t\t\t\t\t\t\t\t\t\t\t\t<\/figure>\n\t\t\t\t\t\t<figure>\n\t\t\t\t\t\t\t\t\t\t\t\t\t\t\t<img decoding=\"async\" src=\"https:\/\/delirio.com.co\/wp-content\/uploads\/2023\/09\/111-1-scaled.jpg\" alt=\"\" \/>\n\t\t\t\t\t\t\t\t\t\t\t\t\t<\/figure>\n\t\t\t\t\t\t<figure>\n\t\t\t\t\t\t\t\t\t\t\t\t\t\t\t<img decoding=\"async\" src=\"https:\/\/delirio.com.co\/wp-content\/uploads\/2023\/09\/EGR3468-1-scaled.jpg\" alt=\"\" \/>\n\t\t\t\t\t\t\t\t\t\t\t\t\t<\/figure>\n\t\t\t\t\t\t<figure>\n\t\t\t\t\t\t\t\t\t\t\t\t\t\t\t<img decoding=\"async\" src=\"https:\/\/delirio.com.co\/wp-content\/uploads\/2023\/09\/EGR3275-scaled.jpg\" alt=\"\" \/>\n\t\t\t\t\t\t\t\t\t\t\t\t\t<\/figure>\n\t\t\t\t\t\t<figure>\n\t\t\t\t\t\t\t\t\t\t\t\t\t\t\t<img decoding=\"async\" src=\"https:\/\/delirio.com.co\/wp-content\/uploads\/2023\/09\/EGR3160-scaled.jpg\" alt=\"\" \/>\n\t\t\t\t\t\t\t\t\t\t\t\t\t<\/figure>\n\t\t\t\t\t\t\t\t<!-- navigation arrows -->\n\t\t\t<button aria-label=\"Previous slide\" role=\"button\" tabindex=\"0\">\n\t\t\t<\/button>\n\t\t\t<button aria-label=\"Next slide\" role=\"button\" tabindex=\"0\">\n\t\t\t<\/button>\n\t\t\t\t\t\t<!-- pagination -->\n\t<h2>\n\t\tOFFICIALLY PRESENTED BY\n\t<\/h2>\n\t\t\t\t\t\t\t\t\t<img loading=\"lazy\" decoding=\"async\" src=\"https:\/\/delirio.com.co\/wp-content\/uploads\/2022\/05\/occidente.png\" alt=\"occidente\" itemprop=\"image\" height=\"224\" width=\"526\" srcset=\"https:\/\/delirio.com.co\/wp-content\/uploads\/2022\/05\/occidente.png 526w, https:\/\/delirio.com.co\/wp-content\/uploads\/2022\/05\/occidente-300x128.png 300w\" sizes=\"auto, (max-width: 526px) 100vw, 526px\" title=\"occidente\" onerror=\"this.style.display='none'\"  \/>\n<h2>\n\t\tSPONSORS &amp; PARTNERS\n\t<\/h2>\n\t\t\t\t\t\t<figure>\n\t\t\t\t\t\t\t\t\t\t\t\t\t\t\t<img decoding=\"async\" src=\"https:\/\/delirio.com.co\/wp-content\/uploads\/2022\/05\/Mesa-de-trabajo-21.jpg\" alt=\"\" \/>\n\t\t\t\t\t\t\t\t\t\t\t\t\t<\/figure>\n\t\t\t\t\t\t<figure>\n\t\t\t\t\t\t\t\t\t\t\t\t\t\t\t<img decoding=\"async\" src=\"https:\/\/delirio.com.co\/wp-content\/uploads\/2022\/05\/Mesa-de-trabajo-21-copia-2.jpg\" alt=\"\" \/>\n\t\t\t\t\t\t\t\t\t\t\t\t\t<\/figure>\n\t\t\t\t\t\t<figure>\n\t\t\t\t\t\t\t\t\t\t\t\t\t\t\t<img decoding=\"async\" src=\"https:\/\/delirio.com.co\/wp-content\/uploads\/2022\/05\/Mesa-de-trabajo-21-copia.jpg\" alt=\"\" \/>\n\t\t\t\t\t\t\t\t\t\t\t\t\t<\/figure>\n\t\t\t\t\t\t<figure>\n\t\t\t\t\t\t\t\t\t\t\t\t\t\t\t<img decoding=\"async\" src=\"https:\/\/delirio.com.co\/wp-content\/uploads\/2022\/05\/Mesa-de-trabajo-21-copia-3.jpg\" alt=\"\" \/>\n\t\t\t\t\t\t\t\t\t\t\t\t\t<\/figure>\n\t\t\t\t\t\t<figure>\n\t\t\t\t\t\t\t\t\t\t\t\t\t\t\t<img decoding=\"async\" src=\"https:\/\/delirio.com.co\/wp-content\/uploads\/2022\/07\/el-pais.png\" alt=\"\" \/>\n\t\t\t\t\t\t\t\t\t\t\t\t\t<\/figure>\n\t\t\t\t\t\t<figure>\n\t\t\t\t\t\t\t\t\t\t\t\t\t\t\t<img decoding=\"async\" src=\"https:\/\/delirio.com.co\/wp-content\/uploads\/2022\/07\/Mesa-de-trabajo-33@2x.png\" alt=\"\" \/>\n\t\t\t\t\t\t\t\t\t\t\t\t\t<\/figure>\n\t\t\t\t\t\t<figure>\n\t\t\t\t\t\t\t\t\t\t\t\t\t\t\t<img decoding=\"async\" src=\"https:\/\/delirio.com.co\/wp-content\/uploads\/2022\/07\/Mesa-de-trabajo-33-copia-2@2x.png\" alt=\"\" \/>\n\t\t\t\t\t\t\t\t\t\t\t\t\t<\/figure>\n\t\t\t\t\t\t<figure>\n\t\t\t\t\t\t\t\t\t\t\t\t\t\t\t<img decoding=\"async\" src=\"https:\/\/delirio.com.co\/wp-content\/uploads\/2022\/07\/Mesa-de-trabajo-33@3x.png\" alt=\"\" \/>\n\t\t\t\t\t\t\t\t\t\t\t\t\t<\/figure>\n\t\t\t\t\t\t<figure>\n\t\t\t\t\t\t\t\t\t\t\t\t\t\t\t<img decoding=\"async\" src=\"https:\/\/delirio.com.co\/wp-content\/uploads\/2022\/07\/Mesa-de-trabajo-33-copia-4@2x.png\" alt=\"\" \/>\n\t\t\t\t\t\t\t\t\t\t\t\t\t<\/figure>\n\t\t\t\t\t\t<figure>\n\t\t\t\t\t\t\t\t\t\t\t\t\t\t\t<img decoding=\"async\" src=\"https:\/\/delirio.com.co\/wp-content\/uploads\/2022\/07\/tursmo.png\" alt=\"\" \/>\n\t\t\t\t\t\t\t\t\t\t\t\t\t<\/figure>\n\t\t\t\t\t\t<figure>\n\t\t\t\t\t\t\t\t\t\t\t\t\t\t\t<img decoding=\"async\" src=\"https:\/\/delirio.com.co\/wp-content\/uploads\/2022\/07\/oldparr.jpg\" alt=\"\" \/>\n\t\t\t\t\t\t\t\t\t\t\t\t\t<\/figure>\n\t\t\t\t\t\t<figure>\n\t\t\t\t\t\t\t\t\t\t\t\t\t\t\t<img decoding=\"async\" src=\"https:\/\/delirio.com.co\/wp-content\/uploads\/2022\/07\/club.jpg\" alt=\"\" \/>\n\t\t\t\t\t\t\t\t\t\t\t\t\t<\/figure>\n\t\t\t\t\t\t<figure>\n\t\t\t\t\t\t\t\t\t\t\t\t\t\t\t<img decoding=\"async\" src=\"https:\/\/delirio.com.co\/wp-content\/uploads\/2022\/07\/natusal.jpg\" alt=\"\" \/>\n\t\t\t\t\t\t\t\t\t\t\t\t\t<\/figure>\n\t\t\t\t\t\t<figure>\n\t\t\t\t\t\t\t\t\t\t\t\t\t\t\t<img decoding=\"async\" src=\"https:\/\/delirio.com.co\/wp-content\/uploads\/2022\/07\/pelaez.jpg\" alt=\"\" \/>\n\t\t\t\t\t\t\t\t\t\t\t\t\t<\/figure>\n\t\t\t\t\t\t<figure>\n\t\t\t\t\t\t\t\t\t\t\t\t\t\t\t<img decoding=\"async\" src=\"https:\/\/delirio.com.co\/wp-content\/uploads\/2022\/07\/willard.jpg\" alt=\"\" \/>\n\t\t\t\t\t\t\t\t\t\t\t\t\t<\/figure>\n\t\t\t\t\t\t<figure>\n\t\t\t\t\t\t\t\t\t\t\t\t\t\t\t<img decoding=\"async\" src=\"https:\/\/delirio.com.co\/wp-content\/uploads\/2022\/07\/bonfiest.jpg\" alt=\"\" \/>\n\t\t\t\t\t\t\t\t\t\t\t\t\t<\/figure>\n\t\t\t\t\t\t<figure>\n\t\t\t\t\t\t\t\t\t\t\t\t\t\t\t<img decoding=\"async\" src=\"https:\/\/delirio.com.co\/wp-content\/uploads\/2022\/07\/unicentro.jpg\" alt=\"\" \/>\n\t\t\t\t\t\t\t\t\t\t\t\t\t<\/figure>\n\t\t\t\t\t\t<figure>\n\t\t\t\t\t\t\t\t\t\t\t\t\t\t\t<img decoding=\"async\" src=\"https:\/\/delirio.com.co\/wp-content\/uploads\/2022\/07\/caracol.jpg\" alt=\"\" \/>\n\t\t\t\t\t\t\t\t\t\t\t\t\t<\/figure>\n\t\t\t\t\t\t<figure>\n\t\t\t\t\t\t\t\t\t\t\t\t\t\t\t<img decoding=\"async\" src=\"https:\/\/delirio.com.co\/wp-content\/uploads\/2022\/07\/shatter.jpg\" alt=\"\" \/>\n\t\t\t\t\t\t\t\t\t\t\t\t\t<\/figure>\n\t\t\t\t\t\t<figure>\n\t\t\t\t\t\t\t\t\t\t\t\t\t\t\t<img decoding=\"async\" src=\"https:\/\/delirio.com.co\/wp-content\/uploads\/2022\/07\/olarte.jpg\" alt=\"\" \/>\n\t\t\t\t\t\t\t\t\t\t\t\t\t<\/figure>\n\t\t\t\t\t\t<figure>\n\t\t\t\t\t\t\t\t\t\t\t\t\t\t\t<img decoding=\"async\" src=\"https:\/\/delirio.com.co\/wp-content\/uploads\/2022\/07\/Mesa-de-trabajo-1.png\" alt=\"\" \/>\n\t\t\t\t\t\t\t\t\t\t\t\t\t<\/figure>\n\t\t\t\t\t\t<!-- pagination -->\n\t<a href=\"mailto:luza.latorre@delirio.com.co\" target=\"_blank\" role=\"button\" rel=\"noopener\" aria-label=\"\u00bfQuieres ser patrocinador?\">\n\t\t\t\t\t\t\u00bfQuieres ser patrocinador?\n\t\t\t\t\t<\/a>\n<h2>\n\t\t4.9\n\t<\/h2>\n\t\t\t\t\t\t\t\t\t<img loading=\"lazy\" decoding=\"async\" src=\"https:\/\/delirio.com.co\/wp-content\/uploads\/2022\/05\/Mesa-de-trabajo-2.png\" alt=\"Mesa de trabajo 2\" itemprop=\"image\" height=\"210\" width=\"541\" srcset=\"https:\/\/delirio.com.co\/wp-content\/uploads\/2022\/05\/Mesa-de-trabajo-2.png 541w, https:\/\/delirio.com.co\/wp-content\/uploads\/2022\/05\/Mesa-de-trabajo-2-300x116.png 300w\" sizes=\"auto, (max-width: 541px) 100vw, 541px\" title=\"Mesa de trabajo 2\" onerror=\"this.style.display='none'\"  \/>\n<h2>\n\t\t<a href=\"https:\/\/www.tripadvisor.co\/Attraction_Review-g297475-d2218100-Reviews-Delirio-Cali_Valle_del_Cauca_Department.html\" title=\"Leave your opinion!\" target=\"_self\" rel=\"noopener\">\n\t\tLeave your opinion!\n\t\t<\/a>\n\t<\/h2>\n<h2>\n\t\t4.5\n\t<\/h2>\n\t\t\t\t\t\t\t\t\t<img loading=\"lazy\" decoding=\"async\" src=\"https:\/\/delirio.com.co\/wp-content\/uploads\/2022\/05\/Mesa-de-trabajo-2-copia.png\" alt=\"Mesa de trabajo 2 copia\" itemprop=\"image\" height=\"210\" width=\"541\" srcset=\"https:\/\/delirio.com.co\/wp-content\/uploads\/2022\/05\/Mesa-de-trabajo-2-copia.png 541w, https:\/\/delirio.com.co\/wp-content\/uploads\/2022\/05\/Mesa-de-trabajo-2-copia-300x116.png 300w\" sizes=\"auto, (max-width: 541px) 100vw, 541px\" title=\"Mesa de trabajo 2 copia\" onerror=\"this.style.display='none'\"  \/>\n<h2>\n\t\t<a href=\"https:\/\/www.facebook.com\/Deliriocali\/reviews\/\" title=\"Leave your opinion!\" target=\"_self\" rel=\"noopener\">\n\t\tLeave your opinion!\n\t\t<\/a>\n\t<\/h2>\n<h2>\n\t\t4.7\n\t<\/h2>\n\t\t\t\t\t\t\t\t\t<img loading=\"lazy\" decoding=\"async\" src=\"https:\/\/delirio.com.co\/wp-content\/uploads\/2022\/05\/Mesa-de-trabajo-2-copia-2.png\" alt=\"Mesa de trabajo 2 copia 2\" itemprop=\"image\" height=\"210\" width=\"541\" srcset=\"https:\/\/delirio.com.co\/wp-content\/uploads\/2022\/05\/Mesa-de-trabajo-2-copia-2.png 541w, https:\/\/delirio.com.co\/wp-content\/uploads\/2022\/05\/Mesa-de-trabajo-2-copia-2-300x116.png 300w\" sizes=\"auto, (max-width: 541px) 100vw, 541px\" title=\"Mesa de trabajo 2 copia 2\" onerror=\"this.style.display='none'\"  \/>\n<h2>\n\t\t<a href=\"https:\/\/www.google.com\/maps\/place\/Carpa+Delirio+Salsa+%2B+Circo+%2B+Orquesta+%7C+Espect%C3%A1culo+de+Salsa+Formato+Cabaret+en+Cali\/@3.5286168,-76.5001606,17z\/data=!3m1!4b1!4m6!3m5!1s0x8e30a89a09391c9f:0xf20515ba5b6caa05!8m2!3d3.5286168!4d-76.5001606!16s%2Fg%2F1th6fw_d\" title=\"Leave your opinion!\" target=\"_self\" rel=\"noopener\">\n\t\tLeave your opinion!\n\t\t<\/a>\n\t<\/h2>\n<h2>\n\t\tNO TE PIERDAS <br \/><strong>DE NADA\n\t<\/strong><\/h2>\n\t\t<link itemprop=\"url\" href=\"https:\/\/delirio.com.co\"\/>\n\t\t<a itemprop=\"sameAs\" href=\"https:\/\/www.facebook.com\/Deliriocali\" target=\"_blank\" title=\"Facebook\" aria-label=\"Facebook\" role=\"button\" rel=\"noopener\">\n\t\t\t\t\t<\/a>\n\t\t<link itemprop=\"url\" href=\"https:\/\/delirio.com.co\"\/>\n\t\t<a itemprop=\"sameAs\" href=\"https:\/\/twitter.com\/deliriocali\" target=\"_blank\" title=\"Twitter\" aria-label=\"Twitter\" role=\"button\" rel=\"noopener\">\n\t\t\t\t\t<\/a>\n\t\t<link itemprop=\"url\" href=\"https:\/\/delirio.com.co\"\/>\n\t\t<a itemprop=\"sameAs\" href=\"https:\/\/www.instagram.com\/delirio.oficial\/\" target=\"_blank\" title=\"Instagram\" aria-label=\"Instagram\" role=\"button\" rel=\"noopener\">\n\t\t\t\t\t<\/a>\n\t\t<link itemprop=\"url\" href=\"https:\/\/delirio.com.co\"\/>\n\t\t<a itemprop=\"sameAs\" href=\"https:\/\/www.youtube.com\/user\/DelirioHechoenCali\" target=\"_blank\" title=\"YouTube\" aria-label=\"YouTube\" role=\"button\" rel=\"noopener\">\n\t\t\t\t\t<\/a>\n\t\t<link itemprop=\"url\" href=\"https:\/\/delirio.com.co\"\/>\n\t\t<a itemprop=\"sameAs\" href=\"https:\/\/www.tiktok.com\/@delirio.oficial\" target=\"_blank\" title=\"TikTok\" aria-label=\"TikTok\" role=\"button\" rel=\"noopener\">\n\t\t\t\t\t<\/a>\n\t\t\t\t\t\t\t<img decoding=\"async\" src=\"https:\/\/delirio.com.co\/wp-content\/uploads\/2022\/07\/rami.jpg\" alt=\"rami\" \/>\n\t\t\t\t\t\t\t\t\t\t\t\t\t\t\t\t\t\t\t\u00abAqu\u00ed hay d\u00e9cadas de herencia, de historia, un resumen de una tradici\u00f3n cultural que se vuelve un lenguaje a trav\u00e9s de este show\u00bb.\n\t\t\t\t\t\t\t\t\t\t\t\t\t\t\t\t\t<h3>Ramiro Osorio<\/h3>\n\t\t\t\t\t\t\t\t\t\t\t\t\t\t\t\t\t\t\t\t\t\t\t\t\t<h4>Director del Complejo Teatral Julio Mario Santodomingo<\/h4>\n\t\t\t\t\t\t\t<img decoding=\"async\" src=\"https:\/\/delirio.com.co\/wp-content\/uploads\/2022\/07\/1649411592_272346_1649411901_miniatura_normal.jpg\" alt=\"1649411592_272346_1649411901_miniatura_normal\" \/>\n\t\t\t\t\t\t\t\t\t\t\t\t\t\t\t\t\t\t\t\u00abNo hay en el mundo otro espect\u00e1culo as\u00ed, si acaso en Las Vegas\u00bb.\n\t\t\t\t\t\t\t\t\t\t\t\t\t\t\t\t\t<h3>Marc Anthony<\/h3>\n\t\t\t\t\t\t\t\t\t\t\t\t\t\t\t\t\t\t\t\t\t\t\t\t\t<h4>Cantante<\/h4>\n\t\t\t\t\t\t\t<img decoding=\"async\" src=\"https:\/\/delirio.com.co\/wp-content\/uploads\/2022\/07\/pontti.jpg\" alt=\"pontti\" \/>\n\t\t\t\t\t\t\t\t\t\t\t\t\t\t\t\t\t\t\t\u00abEste es el evento cultural m\u00e1s importante de la regi\u00f3n y se caracterizapor ser una ventana art\u00edstica internacional\u00bb.\n\t\t\t\t\t\t\t\t\t\t\t\t\t\t\t\t\t<h3>Marianella Protti<\/h3>\n\t\t\t\t\t\t\t\t\t\t\t\t\t\t\t\t\t\t\t\t\t\t\t\t\t<h4>Productora art\u00edstica<\/h4>\n\t\t\t\t<!-- \/.pp-testimonials -->\n<h2>\n\t\tDELIRIO\n\t<\/h2>\n<h2>\n\t\tA TU MEDIDA\n\t<\/h2>\n\t<p>Si vienes en un grupo mayor de 10 personas para la Carpa Delirio o mayor de 20 personas para Paseo de la Aurora; o si deseas un show exclusivo para tu empresa u organizaci\u00f3n, escr\u00edbenos para reservar el mejor espacio para ti.<\/p>\n\t<a href=\"https:\/\/api.whatsapp.com\/send?phone=573103726591\" target=\"_blank\" role=\"button\" rel=\"noopener\" aria-label=\"CONT\u00c1CTANOS\">\n\t\t\t\t\t\tCONT\u00c1CTANOS\n\t\t\t\t\t<\/a>\nTried accessing nonexisting field (like_count) on node type (Media)<h2>\n\t\tREG\u00cdSTRATE PARA ENTERARTE DE NUESTRA AGENDA, NOTICIAS Y PROMOCIONES\n\t<\/h2>","protected":false},"excerpt":{"rendered":"<p>Evento para mayores de 18 a\u00f1os \u00a1DELIRAR EN LA FERIA LO ES TODO! &nbsp; En la temporada de Feria de Cali 2023, ven a vivir noches delirantes en el espect\u00e1culo tipo cabaret de salsa, circo y orquesta m\u00e1s grande de Colombia. COMPRA TUS BOLETAS ORDEN DE LA NOCHE 7:00 p.m. &#8211; Apertura de puertas 8:50&hellip;<\/p>","protected":false},"author":1,"featured_media":0,"parent":0,"menu_order":0,"comment_status":"closed","ping_status":"closed","template":"","meta":{"content-type":"","footnotes":""},"class_list":["post-1101","page","type-page","status-publish","hentry"],"_links":{"self":[{"href":"https:\/\/delirio.com.co\/en\/wp-json\/wp\/v2\/pages\/1101","targetHints":{"allow":["GET"]}}],"collection":[{"href":"https:\/\/delirio.com.co\/en\/wp-json\/wp\/v2\/pages"}],"about":[{"href":"https:\/\/delirio.com.co\/en\/wp-json\/wp\/v2\/types\/page"}],"author":[{"embeddable":true,"href":"https:\/\/delirio.com.co\/en\/wp-json\/wp\/v2\/users\/1"}],"replies":[{"embeddable":true,"href":"https:\/\/delirio.com.co\/en\/wp-json\/wp\/v2\/comments?post=1101"}],"version-history":[{"count":26,"href":"https:\/\/delirio.com.co\/en\/wp-json\/wp\/v2\/pages\/1101\/revisions"}],"predecessor-version":[{"id":1459,"href":"https:\/\/delirio.com.co\/en\/wp-json\/wp\/v2\/pages\/1101\/revisions\/1459"}],"wp:attachment":[{"href":"https:\/\/delirio.com.co\/en\/wp-json\/wp\/v2\/media?parent=1101"}],"curies":[{"name":"wp","href":"https:\/\/api.w.org\/{rel}","templated":true}]}}